{"id":900,"date":"2023-06-28T10:47:10","date_gmt":"2023-06-28T10:47:10","guid":{"rendered":"https:\/\/www.fundacionxafer.org\/?page_id=900"},"modified":"2023-06-28T10:47:11","modified_gmt":"2023-06-28T10:47:11","slug":"politica-de-privacitat-xarxes-socials","status":"publish","type":"page","link":"https:\/\/www.fundacionxafer.org\/ca\/politica-de-privacitat-xarxes-socials\/","title":{"rendered":"Pol\u00edtica de privacitat Xarxes Socials"},"content":{"rendered":"<p>De conformitat amb el que s&#8217;estableix en la normativa vigent i aplicable de protecci\u00f3 de dades de car\u00e0cter<br \/>\npersonal i la Llei 34\/2002, d&#8217;11 de juliol, de Serveis de la Societat de la Informaci\u00f3 i de Comer\u00e7<br \/>\nElectr\u00f2nic (LSSI-CE), FUNDACIO XAFER \u2013 VERGE DEL ROMERAL informa els usuaris, que ha<br \/>\nprocedit a crear un perfil en la\/s Xarxa\/\u00e9s Social\/\u00e9s Facebook, Instagram, amb la finalitat principal de<br \/>\npublicitar els seus productes i serveis.<\/p>\n<p>Dades de FUNDACIO XAFER \u2013 VERGE DEL ROMERAL:<\/p>\n<ul>\n<li>NIF: G57111221<\/li>\n<li>DIRECCI\u00d3: ARAGON 40 ENTRESUELO,07005 PALMA DE MALLORCA(ILLES BALEARS)<\/li>\n<li>CORREU ELECTR\u00d2NIC: servicios@cire.es<\/li>\n<\/ul>\n<p>L&#8217;usuari disposa d&#8217;un perfil en la mateixa Xarxa Social i ha decidit unir-se a la p\u00e0gina creada per<br \/>\nFUNDACIO\u00a0XAFER\u00a0\u2013 VERGE DEL\u00a0ROMERAL, mostrant aix\u00ed inter\u00e8s en la informaci\u00f3 que es publiciti<br \/>\nen la Xarxa. En unir-se a la nostra p\u00e0gina, ens facilita el seu consentiment per al tractament d&#8217;aquelles dades<br \/>\npersonals publicades en el seu perfil.<br \/>\nL&#8217;usuari pot accedir en tot moment a les pol\u00edtiques de privacitat de la pr\u00f2pia Xarxa Social, aix\u00ed com<br \/>\nconfigurar el seu perfil per a garantir la seva privacitat.<br \/>\nFUNDACIO\u00a0XAFER\u00a0\u2013 VERGE DEL\u00a0ROMERAL\u00a0t\u00e9 acc\u00e9s i tracta aquella informaci\u00f3 p\u00fablica de l&#8217;usuari,<br \/>\nespecialment, el seu nom de contacte. Aquestes dades, nom\u00e9s s\u00f3n utilitzats dins de la pr\u00f2pia Xarxa<br \/>\nSocial. No s\u00f3n incorporats a cap sistema de tractament.<\/p>\n<p><strong>Drets dels interessats<\/strong><br \/>\nEn relaci\u00f3 als drets d&#8217;acc\u00e9s, rectificaci\u00f3, limitaci\u00f3 de tractament, supressi\u00f3, portabilitat i<br \/>\noposici\u00f3 al tractament de les seves dades de car\u00e0cter personal, dels quals vost\u00e8 disposa i que poden ser<br \/>\nexercitats davant\u00a0FUNDACIO\u00a0XAFER\u00a0\u2013 VERGE DEL\u00a0ROMERAL, d&#8217;acord amb la\u00a0RGPD, ha de tenir en compte<br \/>\nels seg\u00fcents matisos:<\/p>\n<ul>\n<li>Dret d&#8217;Acc\u00e9s: \u00c9s el dret de l&#8217;usuari a obtenir informaci\u00f3 sobre les seves dades concretes<br \/>\nde car\u00e0cter personal i del tractament que s&#8217;hagi realitzat o realitzi, aix\u00ed com de la<br \/>\ninformaci\u00f3 disponible sobre l&#8217;origen d&#8217;aquestes dades i les comunicacions realitzades o<br \/>\nprevistes d&#8217;aquests.<\/li>\n<li>Dret de Rectificaci\u00f3: \u00c9s el dret de l&#8217;afectat al fet que es modifiquin les dades que resultin<br \/>\nser inexactes o incomplets. Nom\u00e9s podr\u00e0 satisfer-se en relaci\u00f3 a aquella informaci\u00f3 que es<br \/>\ntrobi sota el control de\u00a0FUNDACIO\u00a0XAFER\u00a0\u2013 VERGE DEL\u00a0ROMERAL, per exemple,<br \/>\neliminar comentaris publicats en la pr\u00f2pia p\u00e0gina, imatges o continguts web on constin<br \/>\ndades de car\u00e0cter personal de l&#8217;usuari.<\/li>\n<li>Dret a la Limitaci\u00f3 de tractament: \u00c9s el dret al fet que es limitin els fins del tractament<br \/>\nprevistos de manera original pel responsable del tractament.<\/li>\n<li>Dret de Supressi\u00f3: \u00c9s el dret a suprimir les dades de car\u00e0cter personal de l&#8217;usuari, a<br \/>\nexcepci\u00f3 del que es preveu en el propi\u00a0RGPD\u00a0o en altres normatives aplicables que determinin l&#8217;obligatorietat<br \/>\nde la conservaci\u00f3 d&#8217;aquests, dins del termini i en la forma escaient.<\/li>\n<li>Dret de portabilitat: El dret a rebre les dades personals que l&#8217;usuari, hagi facilitat,<br \/>\nen un format estructurat, d&#8217;\u00fas com\u00fa i lectura mec\u00e0nica, i a transmetre&#8217;ls a un altre<br \/>\nresponsable.<br \/>\nDret d&#8217;Oposici\u00f3: \u00c9s el dret de l&#8217;usuari al fet que no es dugui a terme el tractament de les seves<br \/>\ndades de car\u00e0cter personal o se cessi el tractament dels mateixos per part de\u00a0FUNDACIO<br \/>\nXAFER\u00a0\u2013 VERGE DEL\u00a0ROMERAL.<\/li>\n<\/ul>\n<p><strong>FUNDACIO XAFER \u2013 VIRGEN DEL ROMERAL realitzar\u00e0 les seg\u00fcents actuacions:<\/strong><\/p>\n<ul>\n<li>Acc\u00e9s a la informaci\u00f3 p\u00fablica del perfil.<\/li>\n<li>Publicaci\u00f3 en el perfil de l&#8217;usuari de tota aquella informaci\u00f3 ja publicada en la p\u00e0gina de<br \/>\nFUNDACIO XAFER \u2013 VERGE DEL ROMERAL.<\/li>\n<li>Enviar missatges personals i individuals a trav\u00e9s dels canals de la Xarxa Social.<\/li>\n<li>Actualitzacions de l&#8217;estat de la p\u00e0gina que es publicaran en el perfil de l&#8217;usuari.<\/li>\n<\/ul>\n<p>L&#8217;usuari sempre pot controlar les seves connexions, eliminar els continguts que deixin d&#8217;interessar-li i<br \/>\nrestringir amb qui comparteix les seves connexions, per a aix\u00f2 haur\u00e0 d&#8217;accedir a la seva configuraci\u00f3 de privacitat.<\/p>\n<div class=\"traductor-textarea form-group\">\n<div class=\"textarea-desti col-xs-12 col-sm-6\">\n<div class=\"form-control second-textarea\"><strong>Publicacions<\/strong><br \/>\nL&#8217;usuari, una vegada unit a la p\u00e0gina de\u00a0FUNDACIO\u00a0XAFER\u00a0\u2013 VERGE DEL\u00a0ROMERAL, podr\u00e0 publicar<br \/>\nen aquesta \u00faltima comentaris, enlla\u00e7os, imatges o fotografies o qualsevol altre tipus de contingut multim\u00e8dia<br \/>\nsuportat per la Xarxa Social. L&#8217;usuari, en tots els casos, ha de ser el titular d&#8217;aquests, gaudir dels<br \/>\ndrets d&#8217;autor i de propietat intel\u00b7lectual o comptar amb el consentiment dels tercers afectats. Es<br \/>\nprohibeix expressament qualsevol publicaci\u00f3 en la p\u00e0gina, ja siguin textos, gr\u00e0fics, fotografies, v\u00eddeos,<br \/>\netc. que atemptin o siguin susceptibles d&#8217;atemptar contra la moral, l&#8217;\u00e8tica, el bon gust o el dec\u00f2rum, i\/o<br \/>\nque infringeixin, violin o infringeixin els drets de propietat intel\u00b7lectual o industrial, el dret a la<br \/>\nimatge o la Llei. En aquests casos,\u00a0FUNDACIO\u00a0XAFER\u00a0\u2013 VERGE DEL\u00a0ROMERAL\u00a0es reserva el dret a<br \/>\nretirar immediatament el contingut, podent sol\u00b7licitar el bloqueig permanent de l&#8217;usuari.<\/div>\n<\/div>\n<\/div>\n<p>FUNDACIO XAFER \u2013 VIRGEN DEL ROMERAL no es far\u00e0 responsable dels continguts que lliurement<br \/>\nha publicat un usuari.<\/p>\n<p>L&#8217;usuari ha de tenir present que les seves publicacions seran conegudes pels altres usuaris, per la qual cosa<br \/>\nell mateix \u00e9s el principal responsable de la seva privacitat.<\/p>\n<p>Les imatges que puguin publicar-se en la p\u00e0gina no seran emmagatzemades en cap sistema de<br \/>\ntractament per part de FUNDACIO XAFER \u2013 VERGE DEL ROMERAL, per\u00f2 si que romandran en la<br \/>\nXarxa Social.<\/p>\n<p><strong>Concursos i promocions<\/strong><br \/>\nFUNDACIO XAFER \u2013 VERGE DEL ROMERAL es reserva el dret a realitzar concursos i promocions,<br \/>\nen els quals podr\u00e0 participar l&#8217;usuari unit a la seva p\u00e0gina. Les bases de cadascun d&#8217;ells, quan s&#8217;utilitzi<br \/>\nper a aix\u00f2 la plataforma de la Xarxa Social, seran publicades en aquesta. Complint sempre amb la<br \/>\nLSSI-CE i amb qualsevol altra norma que li sigui aplicable.<br \/>\nLa Xarxa Social no patrocina, avala ni administra, de cap manera, cap de les nostres promocions, ni<br \/>\nest\u00e0 associada a cap d&#8217;elles.<\/p>\n<p><strong>Publicitat<\/strong><\/p>\n<p>FUNDACIO XAFER \u2013 VERGE DEL ROMERAL utilitzar\u00e0 la Xarxa Social per a publicitar els seus productes i<br \/>\nserveis, en tot cas, si decideix tractar les seves dades de contacte per a realitzar accions directes de<br \/>\nprospecci\u00f3 comercial, ser\u00e0 sempre, complint amb les exig\u00e8ncies legals de la normativa en mat\u00e8ria<br \/>\nde protecci\u00f3 de dades i de la LSSI-CE.<br \/>\nNo es considerar\u00e0 publicitat el fet de recomanar a altres usuaris la p\u00e0gina de FUNDACIO XAFER \u2013<br \/>\nVERGE DEL ROMERAL perqu\u00e8 tamb\u00e9 ells puguin gaudir de les promocions o estar informats<br \/>\nde la seva activitat.<\/p>\n<p>A continuaci\u00f3, detallem l&#8217;enlla\u00e7 a la pol\u00edtica de privacitat de la Xarxa Social:<\/p>\n<p>Facebook: https:\/\/es-es.facebook.com\/privacy\/explanation<br \/>\nInstagram: http:\/\/instagram.com\/about\/legal\/privacy\/<\/p>\n<p><em>\u00daltima actualitzaci\u00f3: 2 de juny de 2023<\/em><\/p>\n","protected":false},"excerpt":{"rendered":"De conformitat amb el que s&#8217;estableix en la normativa vigent i aplicable de protecci\u00f3 de dades de car\u00e0cter personal i la Llei 34\/2002, d&#8217;11 de juliol, de Serveis de la Societat de la Informaci\u00f3 i de Comer\u00e7 Electr\u00f2nic (LSSI-CE), FUNDACIO XAFER \u2013 VERGE DEL ROMERAL informa els usuaris, que ha procedit a crear un perfil&#8230;","protected":false},"author":7,"featured_media":0,"parent":0,"menu_order":0,"comment_status":"closed","ping_status":"closed","template":"","meta":[],"_links":{"self":[{"href":"https:\/\/www.fundacionxafer.org\/ca\/wp-json\/wp\/v2\/pages\/900"}],"collection":[{"href":"https:\/\/www.fundacionxafer.org\/ca\/wp-json\/wp\/v2\/pages"}],"about":[{"href":"https:\/\/www.fundacionxafer.org\/ca\/wp-json\/wp\/v2\/types\/page"}],"author":[{"embeddable":true,"href":"https:\/\/www.fundacionxafer.org\/ca\/wp-json\/wp\/v2\/users\/7"}],"replies":[{"embeddable":true,"href":"https:\/\/www.fundacionxafer.org\/ca\/wp-json\/wp\/v2\/comments?post=900"}],"version-history":[{"count":1,"href":"https:\/\/www.fundacionxafer.org\/ca\/wp-json\/wp\/v2\/pages\/900\/revisions"}],"predecessor-version":[{"id":901,"href":"https:\/\/www.fundacionxafer.org\/ca\/wp-json\/wp\/v2\/pages\/900\/revisions\/901"}],"wp:attachment":[{"href":"https:\/\/www.fundacionxafer.org\/ca\/wp-json\/wp\/v2\/media?parent=900"}],"curies":[{"name":"wp","href":"https:\/\/api.w.org\/{rel}","templated":true}]}}