{"id":806,"date":"2022-01-10T14:08:45","date_gmt":"2022-01-10T14:08:45","guid":{"rendered":"https:\/\/www.fundacionxafer.org\/?page_id=806"},"modified":"2023-06-29T14:02:12","modified_gmt":"2023-06-29T14:02:12","slug":"politica-de-galetes","status":"publish","type":"page","link":"https:\/\/www.fundacionxafer.org\/ca\/politica-de-galetes\/","title":{"rendered":"Pol\u00edtica de Galetes"},"content":{"rendered":"<p><span style=\"font-weight: 400;\">Conforme al que es disposa en l&#8217;article 22.2 de la Llei 34\/2002, d&#8217;11 de juliol, de Serveis de la Societat de la Informaci\u00f3 i de Comer\u00e7 Electr\u00f2nic (LSSI-CE) vigent, FUNDACIO XAFER &#8211; VIRGEN DEL ROMERAL ha de complir amb l&#8217;obligaci\u00f3 d&#8217;informar sobre les cookies que utilitza i les seves finalitats.<\/span><\/p>\n<p><span style=\"font-weight: 400;\">Aquest lloc web utilitza cookies i\/o tecnologies similars que emmagatzemen i recuperen informaci\u00f3 quan navegues. Les cookies permeten a una p\u00e0gina web, entre altres coses, emmagatzemar i recuperar informaci\u00f3 sobre els h\u00e0bits de navegaci\u00f3 d&#8217;un Usuari o del seu equip i, depenent de la informaci\u00f3 que contingui i de la forma en qu\u00e8 utilitzi el seu equip, poden utilitzar-se per a recon\u00e8ixer a l&#8217;Usuari.<\/span><\/p>\n<p><span style=\"font-weight: 400;\">Les cookies s\u00f3n essencials per al funcionament d&#8217;internet, aportant innombrables avantatges en la prestaci\u00f3 de serveis interactius, facilitant-li a l&#8217;Usuari la navegaci\u00f3 i usabilitat de la nostra web.<\/span><\/p>\n<p><span style=\"font-weight: 400;\"><br \/>\nL&#8217;usuari pot modificar la configuraci\u00f3 personalitzada punxant en el bot\u00f3 de configuraci\u00f3, a baix sempre visible en totes les p\u00e0gines.<\/span><\/p>\n<p><span style=\"font-weight: 400;\">La informaci\u00f3 que li proporcionem a continuaci\u00f3 l&#8217;ajudar\u00e0 a comprendre els diferents tipus de cookies::\u00a0<\/span><\/p>\n<table>\n<tbody>\n<tr>\n<td colspan=\"3\"><strong>TIPUS DE COOKIES<\/strong><\/td>\n<\/tr>\n<tr>\n<td><strong>SEGONS L&#8217;ENTITAT<\/strong><\/td>\n<td><span style=\"font-weight: 400;\">COOKIES PROPIAS<\/span><\/td>\n<td><span style=\"font-weight: 400;\">S\u00f3n aquelles que s&#8217;envien a l&#8217;equip terminal de l&#8217;usuari des d&#8217;un equip o domini gestionat pel propi editor i des del qual es presta el servei sol\u00b7licitat per l&#8217;usuari.<\/span><\/td>\n<\/tr>\n<tr>\n<td><strong>QUE LES GESTIONI<\/strong><\/td>\n<td><span style=\"font-weight: 400;\">COOKIES DE\u00a0 TERCERS<\/span><\/td>\n<td><span style=\"font-weight: 400;\">S\u00f3n aquelles que s&#8217;envien a l&#8217;equip terminal de l&#8217;usuari des d&#8217;un equip o domini que no \u00e9s gestionat per l&#8217;editor, sin\u00f3 per una altra entitat que tracta les dades obtingudes a trav\u00e9s de les cookies.<\/span><\/td>\n<\/tr>\n<tr>\n<td rowspan=\"2\"><strong>SEGONS EL TERMINI DE TEMPS QUE ROMANGUIN<\/strong><\/p>\n<p><strong>ACTIVADAS<\/strong><\/td>\n<td><span style=\"font-weight: 400;\">COOKIES DE SESSI\u00d3<\/span><\/td>\n<td><span style=\"font-weight: 400;\">S\u00f3n aquelles dissenyades per a recaptar i emmagatzemar dades mentre l&#8217;usuari accedeix a una p\u00e0gina web. Se solen emprar per a emmagatzemar informaci\u00f3 que nom\u00e9s interessa conservar per a la prestaci\u00f3 del servei sol\u00b7licitat per l&#8217;usuari en una sola ocasi\u00f3 (per exemple, una llista de productes adquirits) i desapareixen en acabar la sessi\u00f3.<\/span><\/td>\n<\/tr>\n<tr>\n<td><span style=\"font-weight: 400;\">COOKIES PERSISTENTENTS<\/span><\/td>\n<td><span style=\"font-weight: 400;\">S\u00f3n aquelles en les quals les dades segueixen emmagatzemats en el terminal i poden ser accedits i tractats durant un per\u00edode definit pel responsable de la cookie, i que pot anar d&#8217;uns minuts a diversos anys.<\/span><\/td>\n<\/tr>\n<tr>\n<td rowspan=\"5\"><strong>SEG\u00daN SU\u00a0 FINALIDAD<\/strong><\/td>\n<td><span style=\"font-weight: 400;\">COOKIES T\u00c8CNIQUES<\/span><\/td>\n<td><span style=\"font-weight: 400;\">S\u00f3n aquelles que permeten a l&#8217;usuari la navegaci\u00f3 a trav\u00e9s d&#8217;una p\u00e0gina web, plataforma o aplicaci\u00f3 i la utilitzaci\u00f3 de les diferents opcions o serveis que en ella existeixin.<\/span><\/td>\n<\/tr>\n<tr>\n<td><span style=\"font-weight: 400;\">COOKIES DE\u00a0 PERSONALITZACI\u00d3<\/span><\/td>\n<td><span style=\"font-weight: 400;\">Permeten aplicar caracter\u00edstiques pr\u00f2pies per a la navegaci\u00f3 de l&#8217;usuari pel website (Ex. idioma).<\/span><\/td>\n<\/tr>\n<tr>\n<td><span style=\"font-weight: 400;\">COOKIES D&#8217;AN\u00c0LISIS<\/span><\/td>\n<td><span style=\"font-weight: 400;\"><br \/>\nS\u00f3n aquelles que permeten al responsable d&#8217;aquestes el seguiment i an\u00e0lisi del comportament dels usuaris dels llocs web als quals estan vinculades, inclosa la quantificaci\u00f3 dels impactes dels anuncis. La informaci\u00f3 recollida mitjan\u00e7ant aquesta mena de cookies s&#8217;utilitza en el mesurament de l&#8217;activitat dels llocs web, aplicaci\u00f3 o plataforma<\/span><\/td>\n<\/tr>\n<tr>\n<td><span style=\"font-weight: 400;\">COOKIES PUBLICIT\u00c0RIES<\/span><\/td>\n<td><span style=\"font-weight: 400;\">Permeten a l&#8217;editor incloure en la p\u00e0gina web espais publicitaris, segons el contingut de la pr\u00f2pia web.<\/span><\/td>\n<\/tr>\n<tr>\n<td><span style=\"font-weight: 400;\">COOKIES DE\u00a0 PUBLICITAT<\/span><\/p>\n<p><span style=\"font-weight: 400;\">COMPORTAMENTAL<\/span><\/td>\n<td><span style=\"font-weight: 400;\">S\u00f3n aquelles que emmagatzemen informaci\u00f3 del comportament dels usuaris obtinguda a trav\u00e9s de l&#8217;observaci\u00f3 continuada dels seus h\u00e0bits de navegaci\u00f3, la qual cosa permet desenvolupar un perfil espec\u00edfic per a mostrar publicitat en funci\u00f3 d&#8217;aquest .<\/span><\/td>\n<\/tr>\n<\/tbody>\n<\/table>\n<p><span style=\"font-weight: 400;\"><br \/>\nAddicionalment, FUNDACIO XAFER &#8211; VIRGEN DEL ROMERAL informa de manera m\u00e9s detallada de les cookies que utilitza els seus titulars, l&#8217;\u00fas o finalitat concreta, els terminis de conservaci\u00f3, aix\u00ed com de les possibles Transfer\u00e8ncies Internacionals de dades de cadascuna d&#8217;elles utilitzades en la nostra p\u00e0gina web:<\/span><\/p>\n<p><img loading=\"lazy\" class=\"alignnone size-full wp-image-905\" src=\"http:\/\/www.fundacionxafer.org\/wp-content\/uploads\/2023\/06\/propias-1.jpg\" alt=\"\" width=\"459\" height=\"342\" srcset=\"https:\/\/www.fundacionxafer.org\/wp-content\/uploads\/2023\/06\/propias-1.jpg 459w, https:\/\/www.fundacionxafer.org\/wp-content\/uploads\/2023\/06\/propias-1-300x224.jpg 300w\" sizes=\"(max-width: 459px) 100vw, 459px\" \/><br \/>\n<img src=\"http:\/\/www.fundacionxafer.org\/wp-content\/uploads\/2023\/06\/terceros.jpg\" \/><\/p>\n<p><span style=\"font-weight: 400;\">Pot informar-se de les transfer\u00e8ncies internacionals a tercers pa\u00efsos que, en el seu cas, realitzen els TERCERS, identificats en aquesta pol\u00edtica de cookies, en els seus corresponents pol\u00edtiques (fer clic<br \/>\ndamunt del titular de la cookie).\u00a0<\/span><\/p>\n<p><span style=\"font-weight: 400;\">A continuaci\u00f3, li proporcionem els enlla\u00e7os de diversos navegadors, a trav\u00e9s dels quals podr\u00e0 modificar la configuraci\u00f3 del seu navegador sobre l&#8217;\u00fas de cookies:<\/span><\/p>\n<p><strong>Firefox: <\/strong><a href=\"https:\/\/support.mozilla.org\/es\/kb\/cookies-informacion-que-los-sitios-web-guardan-en\"><span style=\"font-weight: 400;\">https:\/\/support.mozilla.org\/es\/kb\/cookies-informacion-que-los-sitios-web-guardan-en<\/span><\/a><\/p>\n<p><strong>Chrome<\/strong><span style=\"font-weight: 400;\">: <\/span><span style=\"font-weight: 400;\">http:\/\/support.google.com\/chrome\/bin\/answer.py?hl=es&amp;answer=95647<\/span><span style=\"font-weight: 400;\">\u00a0<\/span><\/p>\n<p><strong>Internet Explorer: <\/strong><span style=\"font-weight: 400;\">http:\/\/windows.microsoft.com\/es-es\/internet-explorer\/delete-manage cookies#ie=ie-10<\/span><span style=\"font-weight: 400;\">\u00a0<\/span><\/p>\n<p><strong>Microsoft Edge: <\/strong><span style=\"font-weight: 400;\">https:\/\/support.microsoft.com\/es-es\/microsoft-edge\/eliminar-las-cookies-en microsoft-edge-63947406-40ac-c3b8-57b9-2a946a29ae09<\/span><span style=\"font-weight: 400;\">\u00a0<\/span><\/p>\n<p><strong>Safari: <\/strong><span style=\"font-weight: 400;\">https:\/\/support.apple.com\/kb\/ph17191?locale=es_ES<\/span><span style=\"font-weight: 400;\">\u00a0<\/span><\/p>\n<p><strong>Opera: <\/strong><span style=\"font-weight: 400;\">https:\/\/help.opera.com\/en\/latest\/web-preferences\/#cookies<\/span><span style=\"font-weight: 400;\">\u00a0<\/span><\/p>\n<p><span style=\"font-weight: 400;\"><br \/>\nPer a con\u00e8ixer m\u00e9s informaci\u00f3 sobre el tractament de dades personals, li recomanem visitar el nostre<br \/>\napartat \u201cPol\u00edtica de Privacitat\u201d.<\/span><span style=\"font-weight: 400;\">\u201d.\u00a0<\/span><\/p>\n<p><strong>\u00daltima actualitzaci\u00f3: <\/strong><span style=\"font-weight: 400;\">:2 de juny de 2023<\/span><\/p>\n","protected":false},"excerpt":{"rendered":"Conforme al que es disposa en l&#8217;article 22.2 de la Llei 34\/2002, d&#8217;11 de juliol, de Serveis de la Societat de la Informaci\u00f3 i de Comer\u00e7 Electr\u00f2nic (LSSI-CE) vigent, FUNDACIO XAFER &#8211; VIRGEN DEL ROMERAL ha de complir amb l&#8217;obligaci\u00f3 d&#8217;informar sobre les cookies que utilitza i les seves finalitats. Aquest lloc web utilitza cookies&#8230;","protected":false},"author":7,"featured_media":0,"parent":0,"menu_order":0,"comment_status":"closed","ping_status":"closed","template":"","meta":[],"_links":{"self":[{"href":"https:\/\/www.fundacionxafer.org\/ca\/wp-json\/wp\/v2\/pages\/806"}],"collection":[{"href":"https:\/\/www.fundacionxafer.org\/ca\/wp-json\/wp\/v2\/pages"}],"about":[{"href":"https:\/\/www.fundacionxafer.org\/ca\/wp-json\/wp\/v2\/types\/page"}],"author":[{"embeddable":true,"href":"https:\/\/www.fundacionxafer.org\/ca\/wp-json\/wp\/v2\/users\/7"}],"replies":[{"embeddable":true,"href":"https:\/\/www.fundacionxafer.org\/ca\/wp-json\/wp\/v2\/comments?post=806"}],"version-history":[{"count":8,"href":"https:\/\/www.fundacionxafer.org\/ca\/wp-json\/wp\/v2\/pages\/806\/revisions"}],"predecessor-version":[{"id":910,"href":"https:\/\/www.fundacionxafer.org\/ca\/wp-json\/wp\/v2\/pages\/806\/revisions\/910"}],"wp:attachment":[{"href":"https:\/\/www.fundacionxafer.org\/ca\/wp-json\/wp\/v2\/media?parent=806"}],"curies":[{"name":"wp","href":"https:\/\/api.w.org\/{rel}","templated":true}]}}