{"id":544,"date":"2018-06-20T20:31:44","date_gmt":"2018-06-20T20:31:44","guid":{"rendered":"http:\/\/www.fundacionxafer.org\/?page_id=544"},"modified":"2018-08-02T07:21:10","modified_gmt":"2018-08-02T07:21:10","slug":"missio-vission-valors","status":"publish","type":"page","link":"https:\/\/www.fundacionxafer.org\/ca\/missio-vission-valors\/","title":{"rendered":"Missi\u00f3, Visi\u00f3, Valors"},"content":{"rendered":"<h3 class=\"title\" align=\"center\">MISSI\u00d3<\/h3>\n<p>La\u00a0<strong>MISSI\u00d3<\/strong>\u00a0 de la FUNDACI\u00d3 XAFER \u00e9s la suma dels seus diversos objectius que en cada moment i segons circumst\u00e0ncies van apareixent i es van atenent. I de manera especial el seu principal MISSI\u00d3 es concreta en educar i formar, des de la fe cristiana i guiats per l&#8217;Evangeli de Jes\u00fas, als \u00e9ssers humans que ho necessitin o que aix\u00ed ho desitgin, per ser feli\u00e7os, per viure feli\u00e7os i per fer feli\u00e7os als altres \u00e9ssers humans.<\/p>\n<p>&nbsp;<\/p>\n<p>Mitjan\u00e7ant el compliment, la lleialtat i fidelitat als seus PRINCIPIS, la viv\u00e8ncia de les seves VALORS i els seus DIMENSIONS ESPIRITUAL, AFECTIVA, SOCIAL i INTEL\u00b7LECTUAL, la FUNDACI\u00d3 XAFER participa a fer d&#8217;aquest m\u00f3n, i en aquest m\u00f3n, un m\u00f3n m\u00e9s feli\u00e7. Ajudant i acompanyant els \u00e9ssers humans en la felicitat i en la trobada de la satisfacci\u00f3 personal i col\u00b7lectiva. Incentivant i influint a l&#8217;\u00e9sser hum\u00e0 en el seu amor pel que fa i en qu\u00e8 faci el que fa per amor.<\/p>\n<p>&nbsp;<\/p>\n<p>Aquesta MISSI\u00d3 tindr\u00e0 com a regles b\u00e0siques\u00a0<strong>La Fe Cristiana<\/strong>,\u00a0<strong>L&#8217;Evangeli de Jes\u00fas\u00a0<\/strong>\u00a0i molt concretament els\u00a0<strong>PRINCIPIS FUNDAMENTALS<\/strong>\u00a0com a Lleis Naturals indestructibles de\u00a0<strong>L&#8217;AMOR, LA PAU i LA SOLIDARITAT\u00a0<\/strong>. I fa de les seves VALORS veritables mitjans quotidians perqu\u00e8 siguin viscuts en el dia a dia des de la fe cristiana.<\/p>\n<p>I definim:<\/p>\n<p><img loading=\"lazy\" class=\"size-full wp-image-545 aligncenter\" src=\"http:\/\/www.fundacionxafer.org\/wp-content\/uploads\/2018\/06\/060.jpg\" alt=\"\" width=\"250\" height=\"195\" \/><\/p>\n<p>&nbsp;<\/p>\n<div id=\"contenedor\">\n<div class=\"medio\">\n<div>\n<ul>\n<li><strong>El AMOR:\u00a0<\/strong>Com conjunt d&#8217;accions i fen\u00f2mens afectius, emocionals i conscients que vinculen unes persones o \u00e9ssers entre si. El sentiment, estat, acci\u00f3 i \u00e0nim d&#8217;afecte pel qual es cerca el b\u00e9 vertader i profund per a si mateix i per al pro\u00efsme<\/li>\n<\/ul>\n<ul>\n<li><strong>La PAU:<\/strong>Com l&#8217;\u00edntima, col\u00b7lectiva o p\u00fablica situaci\u00f3, estat i relaci\u00f3 de bona i pl\u00e0cida tranquil\u00b7litat, assossec, amistat, conc\u00f2rdia, reconciliaci\u00f3, harmonia i correspond\u00e8ncia d&#8217;un \/ s amb el \/ s altre \/ s.<\/li>\n<li><strong>La SOLIDARITAT:\u00a0<\/strong>Com la modalitat d&#8217;una obligaci\u00f3 en com\u00fa dels interessos, obligacions, responsabilitats, drets i deures. L&#8217;adhesi\u00f3 individual o col\u00b7lectiva d&#8217;obligat compliment a la causa dels altres.<\/li>\n<\/ul>\n<h3 class=\"title\" align=\"center\">VISI\u00d3<\/h3>\n<p>La\u00a0<strong>VISI\u00d3<\/strong>\u00a0de la FUNDACI\u00d3 XAFER es fonamenta en que l&#8217;home neix per ser feli\u00e7 i estar feli\u00e7, i en la seva estada i en la seva viv\u00e8ncia la seva principal missi\u00f3 \u00e9s la de ser i estar feli\u00e7 i fer feli\u00e7os els altres, per aix\u00ed ser feli\u00e7 i viure feli\u00e7 un mateix.<\/p>\n<p>&nbsp;<\/p>\n<p>Regulats a partir dels principis fonamentals d&#8217;EL AMOR, LA PAU i LA SOLIDARITAT, la Fe Cristiana i L&#8217;Evangeli de Jes\u00fas, l&#8217;\u00e9sser hum\u00e0 desenvolupa totes les seves dimensions espirituals, afectives, socials i intel\u00b7lectuals a la recerca d&#8217;aquesta visi\u00f3.<\/p>\n<p>&nbsp;<\/p>\n<div id=\"medio1\" align=\"center\">\n<p>&#8220;Tot per a l&#8217;\u00e9sser i per l&#8217;\u00e9sser&#8221;<\/p>\n<p>&#8230; Tot perqu\u00e8 l&#8217;\u00e9sser hum\u00e0 sigui feli\u00e7,<\/p>\n<p>visqui feli\u00e7 i pugui fer feli\u00e7os els altres..<\/p>\n<p>&nbsp;<\/p>\n<\/div>\n<h3 class=\"title\" align=\"center\">VALORS<\/h3>\n<p>La FUNDACI\u00d3 XAFER, fonamentada en la seva ra\u00f3 de ser, amb una concreta MISSI\u00d3 i una clara VISI\u00d3, en el seu quefer diari, en el seu compliment quotidi\u00e0, en les seves relacions, en el seu comportament, en les seves accions i actituds est\u00e0 regulada d&#8217;acord amb uns.\u00a0<strong>VALORS.<\/strong><\/p>\n<p>&nbsp;<\/p>\n<div id=\"medio1\" align=\"center\">\n<p>\u201cLa fe, l&#8217;esperan\u00e7a, la const\u00e0ncia, el comprom\u00eds, la fidelitat,<\/p>\n<p>l&#8217;esfor\u00e7, l&#8217;entrega, la passi\u00f3, la il\u00b7lusi\u00f3, la paci\u00e8ncia, la llibertat, la dignitat,<\/p>\n<p>el respecte, la prud\u00e8ncia, la toler\u00e0ncia, la just\u00edcia, l&#8217;\u00e8tica, la valentia, el di\u00e0leg,<\/p>\n<p>la comprensi\u00f3, l&#8217;autenticitat, la integritat, l&#8217;amistat, la generositat, la bondat,<\/p>\n<p>la humilitat, la compassi\u00f3, la caritat i l&#8217;alegria<\/p>\n<p>s\u00f3n VALORS b\u00e0sics de la FUNDACI\u00d3 XAFER \u201d.<\/p>\n<p>&nbsp;<\/p>\n<\/div>\n<p>I perqu\u00e8 l&#8217;\u00e9sser hum\u00e0 \u00e9s m\u00e9s per ser, per la seva integritat, per la seva autenticitat i pel seu b\u00e9 interior, que pel seu b\u00e9 material, fem de la<strong>\u00a0FELICITAT<\/strong>\u00a0un estat permanent en cada \u00e9sser hum\u00e0 i una realitat per sobre d&#8217;un desig. I vam trobar mitjan\u00e7ant els nostres Valors la FELICITAT, Valors que ens ajuden a ser feli\u00e7os, a estar feli\u00e7os i a fer feli\u00e7os els altres.<\/p>\n<\/div>\n<\/div>\n<\/div>\n<div id=\"footer\">\n<div class=\"CuadroPoliticas\"><\/div>\n<\/div>\n","protected":false},"excerpt":{"rendered":"MISSI\u00d3 La\u00a0MISSI\u00d3\u00a0 de la FUNDACI\u00d3 XAFER \u00e9s la suma dels seus diversos objectius que en cada moment i segons circumst\u00e0ncies van apareixent i es van atenent. I de manera especial el seu principal MISSI\u00d3 es concreta en educar i formar, des de la fe cristiana i guiats per l&#8217;Evangeli de Jes\u00fas, als \u00e9ssers humans que&#8230;","protected":false},"author":1,"featured_media":0,"parent":0,"menu_order":0,"comment_status":"closed","ping_status":"closed","template":"","meta":[],"_links":{"self":[{"href":"https:\/\/www.fundacionxafer.org\/ca\/wp-json\/wp\/v2\/pages\/544"}],"collection":[{"href":"https:\/\/www.fundacionxafer.org\/ca\/wp-json\/wp\/v2\/pages"}],"about":[{"href":"https:\/\/www.fundacionxafer.org\/ca\/wp-json\/wp\/v2\/types\/page"}],"author":[{"embeddable":true,"href":"https:\/\/www.fundacionxafer.org\/ca\/wp-json\/wp\/v2\/users\/1"}],"replies":[{"embeddable":true,"href":"https:\/\/www.fundacionxafer.org\/ca\/wp-json\/wp\/v2\/comments?post=544"}],"version-history":[{"count":4,"href":"https:\/\/www.fundacionxafer.org\/ca\/wp-json\/wp\/v2\/pages\/544\/revisions"}],"predecessor-version":[{"id":624,"href":"https:\/\/www.fundacionxafer.org\/ca\/wp-json\/wp\/v2\/pages\/544\/revisions\/624"}],"wp:attachment":[{"href":"https:\/\/www.fundacionxafer.org\/ca\/wp-json\/wp\/v2\/media?parent=544"}],"curies":[{"name":"wp","href":"https:\/\/api.w.org\/{rel}","templated":true}]}}