{"id":349,"date":"2018-04-07T00:17:28","date_gmt":"2018-04-07T00:17:28","guid":{"rendered":"http:\/\/live-xafer.pantheonsite.io\/?page_id=349"},"modified":"2018-04-07T00:17:28","modified_gmt":"2018-04-07T00:17:28","slug":"accions-i-programes-socials","status":"publish","type":"page","link":"https:\/\/www.fundacionxafer.org\/ca\/accions-i-programes-socials\/","title":{"rendered":"Accions I Programes Socials"},"content":{"rendered":"<p>Desenvolupament d&#8217;accions concretes en el camp d&#8217;espais d&#8217;oci i temps lliure per ajudar a menors amb fam\u00edlies amb dificultats econ\u00f2miques, atenent en horaris de temps no escolaritzats.<br \/>\nDesenvolupament de programes i activitats educatives i \/ o formatives per a menors amb dificultats d&#8217;integraci\u00f3 social a barriades desfavorides.<img loading=\"lazy\" class=\"size-medium wp-image-350 alignright\" src=\"http:\/\/live-xafer.pantheonsite.io\/wp-content\/uploads\/2018\/04\/social-300x296.gif\" alt=\"\" width=\"300\" height=\"296\" \/><br \/>\nDesenvolupament d&#8217;accions diverses destinades a persones de m\u00e9s avan\u00e7ada edat en mat\u00e8ria formativa amb la intenci\u00f3 de dotar-les de coneixements.<br \/>\nDesenvolupar accions formatives en mat\u00e8ria de noves tecnologies i inform\u00e0tica, destinades a mestresses de casa i persones de tercera edat.<br \/>\nRealitzar diversos estudis i treballs de camp en pro de la detecci\u00f3 de necessitats educatives, formatives i socioculturals en menors fora de l&#8217;\u00e0mbit escolar reglat.<br \/>\nDesenvolupar accions socials i d&#8217;atenci\u00f3 a menors d&#8217;entre un i tres anys com a manera assistencial no educatiu.<br \/>\nInicia estudis i processos per detectar possibles necessitats en Centres d&#8217;Ensenyament amb dificultats de continu\u00eftat per falta de recursos humans suficientment formats.<br \/>\nEstudiar programes de cooperaci\u00f3 i col\u00b7laboraci\u00f3 amb altres entitats, fundacions i organitzacions no governamentals que coincideixin amb els objectius previstos d&#8217;aquesta fundaci\u00f3.<br \/>\nCol\u00b7laborar en l&#8217;execuci\u00f3 i desenvolupament d&#8217;accions i programes predissenyats per altres fundacions i \/ o Obres Socials.<br \/>\nIncorporar persones al m\u00f3n laboral, integrar persones desfavorides socialment o amb dificultats, promoure experi\u00e8ncies i pr\u00e0ctiques laborals amb alumnes \/ as en processos de formaci\u00f3 o universitarios.toda situaci\u00f3 adversa o dificultosa.<\/p>\n","protected":false},"excerpt":{"rendered":"Desenvolupament d&#8217;accions concretes en el camp d&#8217;espais d&#8217;oci i temps lliure per ajudar a menors amb fam\u00edlies amb dificultats econ\u00f2miques, atenent en horaris de temps no escolaritzats. Desenvolupament de programes i activitats educatives i \/ o formatives per a menors amb dificultats d&#8217;integraci\u00f3 social a barriades desfavorides. Desenvolupament d&#8217;accions diverses destinades a persones de m\u00e9s&#8230;","protected":false},"author":1,"featured_media":0,"parent":0,"menu_order":0,"comment_status":"closed","ping_status":"closed","template":"","meta":[],"_links":{"self":[{"href":"https:\/\/www.fundacionxafer.org\/ca\/wp-json\/wp\/v2\/pages\/349"}],"collection":[{"href":"https:\/\/www.fundacionxafer.org\/ca\/wp-json\/wp\/v2\/pages"}],"about":[{"href":"https:\/\/www.fundacionxafer.org\/ca\/wp-json\/wp\/v2\/types\/page"}],"author":[{"embeddable":true,"href":"https:\/\/www.fundacionxafer.org\/ca\/wp-json\/wp\/v2\/users\/1"}],"replies":[{"embeddable":true,"href":"https:\/\/www.fundacionxafer.org\/ca\/wp-json\/wp\/v2\/comments?post=349"}],"version-history":[{"count":1,"href":"https:\/\/www.fundacionxafer.org\/ca\/wp-json\/wp\/v2\/pages\/349\/revisions"}],"predecessor-version":[{"id":351,"href":"https:\/\/www.fundacionxafer.org\/ca\/wp-json\/wp\/v2\/pages\/349\/revisions\/351"}],"wp:attachment":[{"href":"https:\/\/www.fundacionxafer.org\/ca\/wp-json\/wp\/v2\/media?parent=349"}],"curies":[{"name":"wp","href":"https:\/\/api.w.org\/{rel}","templated":true}]}}