{"id":335,"date":"2018-04-07T00:11:12","date_gmt":"2018-04-07T00:11:12","guid":{"rendered":"http:\/\/live-xafer.pantheonsite.io\/?page_id=335"},"modified":"2018-04-07T00:11:12","modified_gmt":"2018-04-07T00:11:12","slug":"conclusio-2","status":"publish","type":"page","link":"https:\/\/www.fundacionxafer.org\/ca\/conclusio-2\/","title":{"rendered":"Conclusi\u00f3"},"content":{"rendered":"<p>En compliment i fidelitat al IDEARI de la FUNDACI\u00d3 XAFER que ens fa saber que els \u00e9ssers humans es mouen en la constant recerca de la felicitat, i considerant que la base per accedir a aquesta felicitat passa en gran mesura per tenir l&#8217;oportunitat i la possibilitat de rebre una educaci\u00f3, uns m\u00ednims coneixements, t\u00e8cniques, destreses i habilitats que ajudin i dotin a tot \u00e9sser hum\u00e0 a desenvolupar prou el seu intel\u00b7lecte i la seva saviesa per aconseguir ser feli\u00e7 i viure feli\u00e7.<\/p>\n<p>El present PROJECTE EDUCATIU deu ser el document base de la inspiraci\u00f3, raonament, estructura, organitzaci\u00f3, comprom\u00eds, articulaci\u00f3 i funcionament de les accions educatives i formatives que la FUNDACI\u00d3 XAFER impulsa i desenvolupa.<\/p>\n<p>El PROJECTE EDUCATIU \u00e9s un document subjecte i obert a una constant revisi\u00f3, actualitzaci\u00f3, ampliaci\u00f3 i adequaci\u00f3 d&#8217;acord a la realitat de cada moment i de la nostra societat. Sempre en total fidelitat, lleialtat i coincid\u00e8ncia amb els seus Raonaments, Principis i Valors i en el compliment de la seva Missi\u00f3.<\/p>\n<p>La manera i forma en qu\u00e8 els membres, participants i col\u00b7laboradors d&#8217;aquesta instituci\u00f3 fan realitat aquest PROJECTE EDUCATIU ha de complir amb lleialtat i fidelitat als seus Principis i Valors, guiats per l&#8217;Evangeli, des de la fe cristiana, l&#8217;honradesa, la senzillesa, la quotidianitat i l&#8217;anonimat.<\/p>\n<p>La manera y forma en que los miembros, participantes y colaboradores de esta Instituci\u00f3n hacen realidad este PROYECTO EDUCATIVO debe cumplir con lealtad y fidelidad a sus Principios y Valores, guiados por el Evangelio, desde la fe cristiana, la honradez, la sencillez, la cotidianidad y el anonimato.<\/p>\n<p>&#8220;Desitjo que en alguna mesura, la FUNDACI\u00d3 XAFER i els seus colaboradoreste ajudin en gran manera en el teu desig i en el teu dret a&#8221; SER FELI\u00c7, VIURE FELIZy FER FELI\u00c7 &#8220;, i et convoco a l&#8217;acci\u00f3 i a posar en pr\u00e0ctica la teva FELICITAT&#8221;.<img loading=\"lazy\" class=\"alignright wp-image-336 size-full\" src=\"http:\/\/live-xafer.pantheonsite.io\/wp-content\/uploads\/2018\/04\/000.jpg\" alt=\"\" width=\"400\" height=\"331\" srcset=\"https:\/\/www.fundacionxafer.org\/wp-content\/uploads\/2018\/04\/000.jpg 400w, https:\/\/www.fundacionxafer.org\/wp-content\/uploads\/2018\/04\/000-300x248.jpg 300w\" sizes=\"(max-width: 400px) 100vw, 400px\" \/><\/p>\n<p>&#8220;Desitjo que el compliment de la missi\u00f3 de la FUNDACI\u00d3 XAFER es faci des de l&#8217;honradesa, des de la senzillesa, des de la quotidianitat i des de l&#8217;anonimat i als que hacenposible convertir el meu desig en realitat els estic eternament agra\u00eft.&#8221;<\/p>\n","protected":false},"excerpt":{"rendered":"En compliment i fidelitat al IDEARI de la FUNDACI\u00d3 XAFER que ens fa saber que els \u00e9ssers humans es mouen en la constant recerca de la felicitat, i considerant que la base per accedir a aquesta felicitat passa en gran mesura per tenir l&#8217;oportunitat i la possibilitat de rebre una educaci\u00f3, uns m\u00ednims coneixements, t\u00e8cniques,&#8230;","protected":false},"author":1,"featured_media":0,"parent":0,"menu_order":0,"comment_status":"closed","ping_status":"closed","template":"","meta":[],"_links":{"self":[{"href":"https:\/\/www.fundacionxafer.org\/ca\/wp-json\/wp\/v2\/pages\/335"}],"collection":[{"href":"https:\/\/www.fundacionxafer.org\/ca\/wp-json\/wp\/v2\/pages"}],"about":[{"href":"https:\/\/www.fundacionxafer.org\/ca\/wp-json\/wp\/v2\/types\/page"}],"author":[{"embeddable":true,"href":"https:\/\/www.fundacionxafer.org\/ca\/wp-json\/wp\/v2\/users\/1"}],"replies":[{"embeddable":true,"href":"https:\/\/www.fundacionxafer.org\/ca\/wp-json\/wp\/v2\/comments?post=335"}],"version-history":[{"count":1,"href":"https:\/\/www.fundacionxafer.org\/ca\/wp-json\/wp\/v2\/pages\/335\/revisions"}],"predecessor-version":[{"id":337,"href":"https:\/\/www.fundacionxafer.org\/ca\/wp-json\/wp\/v2\/pages\/335\/revisions\/337"}],"wp:attachment":[{"href":"https:\/\/www.fundacionxafer.org\/ca\/wp-json\/wp\/v2\/media?parent=335"}],"curies":[{"name":"wp","href":"https:\/\/api.w.org\/{rel}","templated":true}]}}