{"id":324,"date":"2018-04-07T00:04:45","date_gmt":"2018-04-07T00:04:45","guid":{"rendered":"http:\/\/live-xafer.pantheonsite.io\/?page_id=324"},"modified":"2018-04-07T00:06:12","modified_gmt":"2018-04-07T00:06:12","slug":"compromis","status":"publish","type":"page","link":"https:\/\/www.fundacionxafer.org\/ca\/compromis\/","title":{"rendered":"Compromis"},"content":{"rendered":"<p>El PROJECTE EDUCATIU de la FUNDACI\u00d3 XAFER \u00e9s un comprom\u00eds de tota la Comunitat Educativa davant de la societat.<\/p>\n<p>Mitjan\u00e7ant el compliment d&#8217;aquest PROJECTE EDUCATIU, les accions i programes educatius que la FUNDACI\u00d3 XAFER desenvolupa en els seus centres o en col\u00b7laboraci\u00f3 d&#8217;altres centres i institucions, es garanteix que es faci una formaci\u00f3 i una educaci\u00f3 personal, lliure, progressiva i compromesa.<img loading=\"lazy\" class=\"size-medium wp-image-322 alignright\" src=\"http:\/\/live-xafer.pantheonsite.io\/wp-content\/uploads\/2018\/04\/031-300x272.jpg\" alt=\"\" width=\"300\" height=\"272\" srcset=\"https:\/\/www.fundacionxafer.org\/wp-content\/uploads\/2018\/04\/031-300x272.jpg 300w, https:\/\/www.fundacionxafer.org\/wp-content\/uploads\/2018\/04\/031.jpg 400w\" sizes=\"(max-width: 300px) 100vw, 300px\" \/><\/p>\n<p>La FUNDACI\u00d3 XAFER, els seus Centres i les entitats i institucions amb qu\u00e8 participa per dur a terme la seva Objectiu Principal i aix\u00ed com el desenvolupament de les seves accions i programes educatius i formatius, estan totalment bolcades, implicades i compromeses en el compliment d&#8217;aquest PROJECTE EDUCATIU .<\/p>\n<p>Totes les persones que conformen la Comunitat Educativa dels Centres i Entitats Educatives i Formatives en qu\u00e8 la FUNDACI\u00d3 XAFER participa o \u00e9s titular, s\u00f3n prou responsables i estan prou interessades, sensibilitzades i compromeses en el compliment d&#8217;aquest PROJECTE EDUCATIU.<\/p>\n<p>El PROJECTE EDUCATIU de la FUNDACI\u00d3 XAFER reconeix la hist\u00f2ria, la pluralitat de les cultures, les races, les diferents religions, les diverses ideologies, i els variats i diferenciats nivells socials. A aquesta diversitat la respecta i la integra. Valora la inspiraci\u00f3 i la creativitat de cada persona i assumeix amb els seus principis i els seus signes diferenciadors i mitjan\u00e7ant la col\u00b7laboraci\u00f3 dels seus educadors el comprom\u00eds d&#8217;impulsar amb rigor i amb criteris un Projecte Propi subjecte a l&#8217;Ideari de la Fundaci\u00f3.<\/p>\n","protected":false},"excerpt":{"rendered":"El PROJECTE EDUCATIU de la FUNDACI\u00d3 XAFER \u00e9s un comprom\u00eds de tota la Comunitat Educativa davant de la societat. Mitjan\u00e7ant el compliment d&#8217;aquest PROJECTE EDUCATIU, les accions i programes educatius que la FUNDACI\u00d3 XAFER desenvolupa en els seus centres o en col\u00b7laboraci\u00f3 d&#8217;altres centres i institucions, es garanteix que es faci una formaci\u00f3 i una&#8230;","protected":false},"author":1,"featured_media":0,"parent":0,"menu_order":0,"comment_status":"closed","ping_status":"closed","template":"","meta":[],"_links":{"self":[{"href":"https:\/\/www.fundacionxafer.org\/ca\/wp-json\/wp\/v2\/pages\/324"}],"collection":[{"href":"https:\/\/www.fundacionxafer.org\/ca\/wp-json\/wp\/v2\/pages"}],"about":[{"href":"https:\/\/www.fundacionxafer.org\/ca\/wp-json\/wp\/v2\/types\/page"}],"author":[{"embeddable":true,"href":"https:\/\/www.fundacionxafer.org\/ca\/wp-json\/wp\/v2\/users\/1"}],"replies":[{"embeddable":true,"href":"https:\/\/www.fundacionxafer.org\/ca\/wp-json\/wp\/v2\/comments?post=324"}],"version-history":[{"count":3,"href":"https:\/\/www.fundacionxafer.org\/ca\/wp-json\/wp\/v2\/pages\/324\/revisions"}],"predecessor-version":[{"id":328,"href":"https:\/\/www.fundacionxafer.org\/ca\/wp-json\/wp\/v2\/pages\/324\/revisions\/328"}],"wp:attachment":[{"href":"https:\/\/www.fundacionxafer.org\/ca\/wp-json\/wp\/v2\/media?parent=324"}],"curies":[{"name":"wp","href":"https:\/\/api.w.org\/{rel}","templated":true}]}}