{"id":295,"date":"2018-04-06T23:48:15","date_gmt":"2018-04-06T23:48:15","guid":{"rendered":"http:\/\/live-xafer.pantheonsite.io\/?page_id=295"},"modified":"2018-06-18T17:47:08","modified_gmt":"2018-06-18T17:47:08","slug":"principios-educativos","status":"publish","type":"page","link":"https:\/\/www.fundacionxafer.org\/ca\/principios-educativos\/","title":{"rendered":"Principis Educatius"},"content":{"rendered":"<p>La cultura \u00e9s la suma de signes i actituds amb una finalitat humanitzadora. L&#8217;educaci\u00f3 \u00e9s una activitat humana d&#8217;ordre cultural el principal objectiu ha de ser el d&#8217;humanitzar i possibilitar el desenvolupament integral de tota persona per a la participaci\u00f3 i viv\u00e8ncia en una societat justa, en pau, lliure, solid\u00e0ria, compromesa i plena d&#8217;amor.<\/p>\n<p>La FUNDACI\u00d3 XAFER basa el seu model educatiu i formatiu en uns Principis que sumats als Principis Fonamentals de la seva IDEARI suposen veritables fonaments b\u00e0sics i s\u00f2lids per garantir el compliment del seu objectiu prioritari.<\/p>\n<p>Els Principis B\u00e0sics del Projecte Educatiu s\u00f3n:<\/p>\n<p>Propiciar vincles de proximitat, afecte, suport i comprom\u00eds m\u00e9s que suficients entre tots els membres que conformen la comunitat educativa, basats en el respecte, l&#8217;escolta, el di\u00e0leg, la reflexi\u00f3, la just\u00edcia, la llibertat, la participaci\u00f3 i la cooperaci\u00f3, en compliment amb els Principis de l&#8217;Amor, la Pau i la Solidaritat, per afavorir el clima i l&#8217;ambient que l&#8217;educaci\u00f3 i la formaci\u00f3 necessiten.<br \/>\nMantenir entre tots els membres de la comunitat educativa un tracte senzill, proper, cordial, alegre, fidel, lleial, respectu\u00f3s i de confian\u00e7a.<br \/>\nTransmetre en tota acci\u00f3 educativa i formativa, amb una l\u00ednia pedag\u00f2gica capa\u00e7 d&#8217;aportar a la societat persones amb sentit humanitari, que defensin i promoguin des de qualsevol punt de vista, cultura, ra\u00e7a, religi\u00f3 o nivell social, una societat lliure i justa, amb drets i deures.<br \/>\nAportar a la societat persones que siguin lleials i compromeses als Principis d&#8217;Amor, Pau i Solidaritat.<br \/>\nEstablir una formaci\u00f3 integral, fomentant una participaci\u00f3 activa de tota la comunitat educativa, valorant l&#8217;esfor\u00e7, la dedicaci\u00f3 i el comprom\u00eds de cada membre, especialment de cada alumne en funci\u00f3 de les seves capacitats i aptituds.<br \/>\nPotenciar l&#8217;inter\u00e8s pel saber i per aprendre, potenciar la reflexi\u00f3, l&#8217;esfor\u00e7, la dedicaci\u00f3, la responsabilitat, el sentit cr\u00edtic, i aconseguir que els alumnes siguin competents.<br \/>\nOferir una educaci\u00f3 i formaci\u00f3 des de la fe cristiana en harmonia i sintonia amb la cultura, els coneixements, la ci\u00e8ncia, la investigaci\u00f3 i el descobriment.<br \/>\nElaborar models educatius i formatius per a:<br \/>\nFormar persones que puguin viure honrada i dignament en una societat on tots els \u00e9ssers humans tenen els mateixos drets i tots els \u00e9ssers humans som iguals.<br \/>\nFormar persones compromeses perqu\u00e8 actu\u00efn produint els canvis necessaris per viure en m\u00f3n lliure i just, ple d&#8217;Amor, en Pau i Solidari.<br \/>\nFormar ciutadans responsables i compromesos amb la societat i amb els m\u00e9s necessitats.<\/p>\n","protected":false},"excerpt":{"rendered":"La cultura \u00e9s la suma de signes i actituds amb una finalitat humanitzadora. L&#8217;educaci\u00f3 \u00e9s una activitat humana d&#8217;ordre cultural el principal objectiu ha de ser el d&#8217;humanitzar i possibilitar el desenvolupament integral de tota persona per a la participaci\u00f3 i viv\u00e8ncia en una societat justa, en pau, lliure, solid\u00e0ria, compromesa i plena d&#8217;amor. La&#8230;","protected":false},"author":1,"featured_media":0,"parent":0,"menu_order":0,"comment_status":"closed","ping_status":"closed","template":"","meta":[],"_links":{"self":[{"href":"https:\/\/www.fundacionxafer.org\/ca\/wp-json\/wp\/v2\/pages\/295"}],"collection":[{"href":"https:\/\/www.fundacionxafer.org\/ca\/wp-json\/wp\/v2\/pages"}],"about":[{"href":"https:\/\/www.fundacionxafer.org\/ca\/wp-json\/wp\/v2\/types\/page"}],"author":[{"embeddable":true,"href":"https:\/\/www.fundacionxafer.org\/ca\/wp-json\/wp\/v2\/users\/1"}],"replies":[{"embeddable":true,"href":"https:\/\/www.fundacionxafer.org\/ca\/wp-json\/wp\/v2\/comments?post=295"}],"version-history":[{"count":3,"href":"https:\/\/www.fundacionxafer.org\/ca\/wp-json\/wp\/v2\/pages\/295\/revisions"}],"predecessor-version":[{"id":533,"href":"https:\/\/www.fundacionxafer.org\/ca\/wp-json\/wp\/v2\/pages\/295\/revisions\/533"}],"wp:attachment":[{"href":"https:\/\/www.fundacionxafer.org\/ca\/wp-json\/wp\/v2\/media?parent=295"}],"curies":[{"name":"wp","href":"https:\/\/api.w.org\/{rel}","templated":true}]}}