{"id":279,"date":"2018-04-06T23:37:06","date_gmt":"2018-04-06T23:37:06","guid":{"rendered":"http:\/\/live-xafer.pantheonsite.io\/?page_id=279"},"modified":"2018-04-06T23:37:06","modified_gmt":"2018-04-06T23:37:06","slug":"dimensio-educativa","status":"publish","type":"page","link":"https:\/\/www.fundacionxafer.org\/ca\/dimensio-educativa\/","title":{"rendered":"Dimensi\u00f3 Educativa"},"content":{"rendered":"<p>La FUNDACI\u00d3 XAFER impulsa i desenvolupa les seves accions i programes educatius i formatius i els seus ensenyaments mitjan\u00e7ant els seus Centres directament o en col\u00b7laboraci\u00f3 amb altres centres, entitats o institucions per veure complerta la seva missi\u00f3 i els seus Objectius, principalment en les seves quatre dimensions. La dimensi\u00f3 ESPIRITUAL, la dimensi\u00f3 AFECTIVA, la dimensi\u00f3 SOCIAL i la dimensi\u00f3 INTEL\u00b7LECTUAL.<\/p>\n<p>La Dimensi\u00f3 Espiritual: acompanyant a l&#8217;individu en el desenvolupament de la fe i en la promulgaci\u00f3 de l&#8217;Evangeli.<br \/>\nLa Dimensi\u00f3 Social: afavorint i potenciant la millora de les relacions humanes, l&#8217;amor, la pau i la solidaritat entre els homes, entre les races i les cultures i entre les religions. I sensibilitzant i desenvolupant accions educatives i formatives que lluitin contra la fam i la desnutrici\u00f3, contra les malalties, contra l&#8217;analfabetisme i contra les guerres.<br \/>\nLa Dimensi\u00f3 Intelectual: promovent, afavorint, influint i realitzant accions que possibilitin i potenci\u00efn l&#8217;educaci\u00f3 i la formaci\u00f3, transmetent coneixements, t\u00e8cniques, destreses i habilitats. Incentivant i influenciant l&#8217;estudi, la investigaci\u00f3, l&#8217;an\u00e0lisi i l&#8217;avaluaci\u00f3. Dotant d&#8217;un alt nivell de compet\u00e8ncia i autoritat en tots els camps i mat\u00e8ries a tots els \u00e9ssers humans. Incitant positivament al comprom\u00eds i l&#8217;esfor\u00e7 per desenvolupar l&#8217;intel\u00b7lecte i la saviesa. Dotant de tots els recursos i instruments possibles a l&#8217;abast, per fer realitat la formaci\u00f3 i ensenyaments suficients perqu\u00e8 cada \u00e9sser hum\u00e0 tingui prou eines i oportunitats.<br \/>\nLa Dimensi\u00f3n Afectiva: fomentant i afavorint les relacions humanes i en especial refor\u00e7ant i revitalitzant la relaci\u00f3 de la Fam\u00edlia com a base de l&#8217;estructura social.<br \/>\nA m\u00e9s tenim sempre present la DIMENSI\u00d3 DE L&#8217;ALUMNEcom a principal protagonista i beneficiari de l&#8217;acci\u00f3 educativa o formativa, sent un \u00e9sser lliure, responsable i individual dins d&#8217;un grup, que vol ser educat, ensenyat i format en obertura als altres amb sentit com\u00fa i judici cr\u00edtic, que \u00e9s capa\u00e7 d&#8217;escoltar i dialogar, que \u00e9s capa\u00e7 de compartir i de sentir, que a m\u00e9s pertany a una fam\u00edlia, comunitat, grup, regi\u00f3 i pa\u00eds, que t\u00e9 i defensa una cultura i que vol con\u00e8ixer i respectar altres cultures.<\/p>\n","protected":false},"excerpt":{"rendered":"La FUNDACI\u00d3 XAFER impulsa i desenvolupa les seves accions i programes educatius i formatius i els seus ensenyaments mitjan\u00e7ant els seus Centres directament o en col\u00b7laboraci\u00f3 amb altres centres, entitats o institucions per veure complerta la seva missi\u00f3 i els seus Objectius, principalment en les seves quatre dimensions. La dimensi\u00f3 ESPIRITUAL, la dimensi\u00f3 AFECTIVA, la&#8230;","protected":false},"author":1,"featured_media":0,"parent":0,"menu_order":0,"comment_status":"closed","ping_status":"closed","template":"","meta":[],"_links":{"self":[{"href":"https:\/\/www.fundacionxafer.org\/ca\/wp-json\/wp\/v2\/pages\/279"}],"collection":[{"href":"https:\/\/www.fundacionxafer.org\/ca\/wp-json\/wp\/v2\/pages"}],"about":[{"href":"https:\/\/www.fundacionxafer.org\/ca\/wp-json\/wp\/v2\/types\/page"}],"author":[{"embeddable":true,"href":"https:\/\/www.fundacionxafer.org\/ca\/wp-json\/wp\/v2\/users\/1"}],"replies":[{"embeddable":true,"href":"https:\/\/www.fundacionxafer.org\/ca\/wp-json\/wp\/v2\/comments?post=279"}],"version-history":[{"count":1,"href":"https:\/\/www.fundacionxafer.org\/ca\/wp-json\/wp\/v2\/pages\/279\/revisions"}],"predecessor-version":[{"id":280,"href":"https:\/\/www.fundacionxafer.org\/ca\/wp-json\/wp\/v2\/pages\/279\/revisions\/280"}],"wp:attachment":[{"href":"https:\/\/www.fundacionxafer.org\/ca\/wp-json\/wp\/v2\/media?parent=279"}],"curies":[{"name":"wp","href":"https:\/\/api.w.org\/{rel}","templated":true}]}}