{"id":261,"date":"2018-04-06T23:18:53","date_gmt":"2018-04-06T23:18:53","guid":{"rendered":"http:\/\/live-xafer.pantheonsite.io\/?page_id=261"},"modified":"2018-08-02T07:44:19","modified_gmt":"2018-08-02T07:44:19","slug":"carisma-y-organizacion","status":"publish","type":"page","link":"https:\/\/www.fundacionxafer.org\/ca\/carisma-y-organizacion\/","title":{"rendered":"Carisma i Organitzaci\u00f3"},"content":{"rendered":"<p>CARISMA FUNDACIONAL<br \/>\nEl Projecte Educatiu de la FUNDACI\u00d3 XAFER concreta el seu \u00e0mbit d&#8217;actuaci\u00f3 en tot lloc on sigui possible la seva pres\u00e8ncia i participaci\u00f3, especialment on sigui requerida la seva actuaci\u00f3 i on sigui m\u00e9s necess\u00e0ria.<\/p>\n<p>Els projectes, accions i activitats de la FUNDACI\u00d3 XAFER van dirigits a totes aquelles persones que senten el desig o la necessitat de rebre un ensenyament i uns coneixements que els ajudin a ser feli\u00e7os i viure feli\u00e7os, des d&#8217;una fe cristiana i una acci\u00f3 evangelitzadora, amb independ\u00e8ncia de la seva edat, sexe, cultura, ra\u00e7a, \u00e8tnia, ideologia o religi\u00f3.<\/p>\n<p>L&#8217;educaci\u00f3, la formaci\u00f3 i els ensenyaments que, per mitj\u00e0 de les seves accions i programes promou o desenvolupa la FUNDACI\u00d3, van destinades d&#8217;una banda com a veritables benefici\u00e0ries, a totes les persones, principalment aquelles persones desfavorides econ\u00f2micament i socialment, que senten el desig o la necessitat de ser feli\u00e7os i de viure feli\u00e7os. I d&#8217;altra banda, com a veritables persones col\u00b7laboradores, a totes aquestes persones que senten el desig o la necessitat de fer feli\u00e7os, d&#8217;ajudar i acompanyar a altres \u00e9ssers humans en el seu cam\u00ed en recerca de la felicitat.<\/p>\n<p>NIVELLS EDUCATIUS<\/p>\n<p>La FUNDACI\u00d3 XAFER desenvolupa les seves accions educatives, formatives i els seus ensenyaments en variades dimensions, estaments i nivells.<\/p>\n<p>Com a missi\u00f3 educativa i tamb\u00e9 assistencial mitjan\u00e7ant els seus Centres de Guarderia i Pre escolar, Centres d&#8217;Acollida i tutelars.<\/p>\n<p>Com a missi\u00f3 educativa en els ensenyaments reglats mitjan\u00e7ant els seus Centres d&#8217;Educaci\u00f3 Infantil, Prim\u00e0ria, Secund\u00e0ria, Batxiller i Formaci\u00f3 Professional.<\/p>\n<p>Com a missi\u00f3 educativa de l&#8217;Oci del Lleure, mitjan\u00e7ant els seus centres i accions d&#8217;educaci\u00f3 del temps lliure.<\/p>\n<p>Com a missi\u00f3 formativa en nivells d&#8217;ensenyaments no reglats, mitjan\u00e7ant els seus Centres de Formaci\u00f3 Cultural i els seus Centres de Preparaci\u00f3, Tecnificaci\u00f3 i Formaci\u00f3 Ocupacional.<\/p>\n<p>Com a missi\u00f3 en ensenyaments generals b\u00e0siques i d&#8217;ampliaci\u00f3 d&#8217;estudis, mitjan\u00e7ant els seus centres i programes de Formaci\u00f3 B\u00e0sica i Garantia Social i mitjan\u00e7ant els seus Centres i Programes de Formaci\u00f3 per a persones amb necessitats especials, per a mestresses de casa i per a la formaci\u00f3 i ampliaci\u00f3 d&#8217;estudis i de coneixements per a persones de la tercera edat.<\/p>\n","protected":false},"excerpt":{"rendered":"CARISMA FUNDACIONAL El Projecte Educatiu de la FUNDACI\u00d3 XAFER concreta el seu \u00e0mbit d&#8217;actuaci\u00f3 en tot lloc on sigui possible la seva pres\u00e8ncia i participaci\u00f3, especialment on sigui requerida la seva actuaci\u00f3 i on sigui m\u00e9s necess\u00e0ria. Els projectes, accions i activitats de la FUNDACI\u00d3 XAFER van dirigits a totes aquelles persones que senten el&#8230;","protected":false},"author":1,"featured_media":0,"parent":0,"menu_order":0,"comment_status":"closed","ping_status":"closed","template":"","meta":[],"_links":{"self":[{"href":"https:\/\/www.fundacionxafer.org\/ca\/wp-json\/wp\/v2\/pages\/261"}],"collection":[{"href":"https:\/\/www.fundacionxafer.org\/ca\/wp-json\/wp\/v2\/pages"}],"about":[{"href":"https:\/\/www.fundacionxafer.org\/ca\/wp-json\/wp\/v2\/types\/page"}],"author":[{"embeddable":true,"href":"https:\/\/www.fundacionxafer.org\/ca\/wp-json\/wp\/v2\/users\/1"}],"replies":[{"embeddable":true,"href":"https:\/\/www.fundacionxafer.org\/ca\/wp-json\/wp\/v2\/comments?post=261"}],"version-history":[{"count":4,"href":"https:\/\/www.fundacionxafer.org\/ca\/wp-json\/wp\/v2\/pages\/261\/revisions"}],"predecessor-version":[{"id":629,"href":"https:\/\/www.fundacionxafer.org\/ca\/wp-json\/wp\/v2\/pages\/261\/revisions\/629"}],"wp:attachment":[{"href":"https:\/\/www.fundacionxafer.org\/ca\/wp-json\/wp\/v2\/media?parent=261"}],"curies":[{"name":"wp","href":"https:\/\/api.w.org\/{rel}","templated":true}]}}