{"id":251,"date":"2018-04-06T23:09:51","date_gmt":"2018-04-06T23:09:51","guid":{"rendered":"http:\/\/live-xafer.pantheonsite.io\/?page_id=251"},"modified":"2018-04-09T22:08:32","modified_gmt":"2018-04-09T22:08:32","slug":"identidad","status":"publish","type":"page","link":"https:\/\/www.fundacionxafer.org\/ca\/identidad\/","title":{"rendered":"Identidad"},"content":{"rendered":"<p>La FUNDACI\u00d3N XAFER, adem\u00e1s de como Instituci\u00f3n, est\u00e1 constituida como recurso y herramienta al servicio de una raz\u00f3n de ser. Con una clara Misi\u00f3n, unos objetivos y unos Principios que pretenden ver cumplida su raz\u00f3n de ser.<\/p>\n<p>* Su raz\u00f3n de ser: Que todo ser humano pueda y deba<\/p>\n<blockquote><p>\u201cser feliz, vivir feliz y hacer feliz\u201d.<\/p><\/blockquote>\n<p>* Su Misi\u00f3n: Su principal MISI\u00d3N se concreta en educar, ense\u00f1ar y formar, desde la fe cristiana y guiados por el Evangelio de Jes\u00fas, a los seres humanos que lo necesiten o que as\u00ed lo deseen, para ser felices, para vivir felices y para hacer felices a los dem\u00e1s seres humanos.<\/p>\n<p>* Su Objetivo Principal: \u201cEducar, ense\u00f1ar y formar al ser humano, que lo necesite o que as\u00ed lo desee,para ser feliz, para vivir feliz y para hacer felices a los dem\u00e1s. Vivenciando sus valores y siendo regulados por sus principios fundamentales de Amor, Paz y Solidaridad.&#8221;<\/p>\n<p><img loading=\"lazy\" class=\"size-medium wp-image-249 aligncenter\" src=\"http:\/\/live-xafer.pantheonsite.io\/wp-content\/uploads\/2018\/04\/021-268x300.gif\" alt=\"\" width=\"268\" height=\"300\" \/><\/p>\n<p>* Sus Reglas y Principios Fundamentales: Tendr\u00e1 como reglas b\u00e1sicas La Fe Cristiana, El Evangelio de Jes\u00fas y muy concretamente los PRINCIPIOS FUNDAMENTALES como Leyes Naturales inquebrantables de EL AMOR, LA PAZ y LA SOLIDARIDAD. Y hace de sus VALORES verdaderos medios cotidianos para que sean vivenciados en el d\u00eda a d\u00eda.<\/p>\n<p>* Sus Valores: \u201cLa fe, la esperanza, la constancia, el compromiso, la fidelidad, el esfuerzo, la entrega, la pasi\u00f3n, la ilusi\u00f3n, la paciencia, la libertad, la dignidad, el respeto, la prudencia, la tolerancia, la justicia, la \u00e9tica, la valent\u00eda, el di\u00e1logo, la comprensi\u00f3n,la autenticidad, la integridad, la amistad, la generosidad, la bondad, la humildad, la compasi\u00f3n, la caridad y la alegr\u00eda son VALORES b\u00e1sicos de la FUNDACI\u00d3N XAFER\u201d.<\/p>\n<p>* Se basa en:<\/p>\n<p>\u201c La f\u00e9 y la esperanza, la ilusi\u00f3n y la pasi\u00f3n, el esfuerzo y la constancia, la paciencia y la confianza, hacen de ti un ser Feliz, hacen de tu vida, una vida Feliz, hacen de los dem\u00e1s, unos seres Felices\u201d.<\/p>\n","protected":false},"excerpt":{"rendered":"La FUNDACI\u00d3N XAFER, adem\u00e1s de como Instituci\u00f3n, est\u00e1 constituida como recurso y herramienta al servicio de una raz\u00f3n de ser. Con una clara Misi\u00f3n, unos objetivos y unos Principios que pretenden ver cumplida su raz\u00f3n de ser. * Su raz\u00f3n de ser: Que todo ser humano pueda y deba \u201cser feliz, vivir feliz y hacer&#8230;","protected":false},"author":1,"featured_media":0,"parent":0,"menu_order":0,"comment_status":"closed","ping_status":"closed","template":"","meta":[],"_links":{"self":[{"href":"https:\/\/www.fundacionxafer.org\/ca\/wp-json\/wp\/v2\/pages\/251"}],"collection":[{"href":"https:\/\/www.fundacionxafer.org\/ca\/wp-json\/wp\/v2\/pages"}],"about":[{"href":"https:\/\/www.fundacionxafer.org\/ca\/wp-json\/wp\/v2\/types\/page"}],"author":[{"embeddable":true,"href":"https:\/\/www.fundacionxafer.org\/ca\/wp-json\/wp\/v2\/users\/1"}],"replies":[{"embeddable":true,"href":"https:\/\/www.fundacionxafer.org\/ca\/wp-json\/wp\/v2\/comments?post=251"}],"version-history":[{"count":3,"href":"https:\/\/www.fundacionxafer.org\/ca\/wp-json\/wp\/v2\/pages\/251\/revisions"}],"predecessor-version":[{"id":443,"href":"https:\/\/www.fundacionxafer.org\/ca\/wp-json\/wp\/v2\/pages\/251\/revisions\/443"}],"wp:attachment":[{"href":"https:\/\/www.fundacionxafer.org\/ca\/wp-json\/wp\/v2\/media?parent=251"}],"curies":[{"name":"wp","href":"https:\/\/api.w.org\/{rel}","templated":true}]}}