{"id":196,"date":"2018-04-06T22:25:43","date_gmt":"2018-04-06T22:25:43","guid":{"rendered":"http:\/\/live-xafer.pantheonsite.io\/?page_id=196"},"modified":"2018-04-06T22:25:43","modified_gmt":"2018-04-06T22:25:43","slug":"quan-on-i-com","status":"publish","type":"page","link":"https:\/\/www.fundacionxafer.org\/ca\/quan-on-i-com\/","title":{"rendered":"Quan, On I Com"},"content":{"rendered":"<p>A) QUAN La FUNDACI\u00d3 XAFER es fa viva mitjan\u00e7ant la seva pres\u00e8ncia i el compliment de la seva missi\u00f3 en tot moment i especialment en els espais, estats, estadis i per\u00edodes m\u00e9s necessitats, per veure complertes les diferents accions i programes que en les seves quatre dimensions desenvolupa la Instituci\u00f3.<\/p>\n<p>B) ON La FUNDACI\u00d3 XAFER es fa present i compleix la seva missi\u00f3 en qualsevol lloc del M\u00f3n i en especial all\u00e0 on sigui necess\u00e0ria i possible la seva pres\u00e8ncia i la seva acci\u00f3, all\u00e0 on es detecti la necessitat de la seva pres\u00e8ncia per fer i veure complir els seus objectius, all\u00e0 on pugui desenvolupar les diferents accions i programes que en les seves quatre dimensions planteja aquesta instituci\u00f3.<\/p>\n<p>C) C\u00d3M La FUNDACI\u00d3 XAFER es fa viva i present i compleix la seva missi\u00f3 i ra\u00f3 de ser a trav\u00e9s del compliment dels seus objectius i tasques en les seves quatre dimensions i especialment mitjan\u00e7ant la participaci\u00f3 i pres\u00e8ncia activa i passiva de tots els seus membres i col\u00b7laboradors, aix\u00ed com dels seus beneficiaris. Des de la honradesa, des de la senzillesa, des de la quotidianitat i des de l&#8217;anonimat, tots ells, col\u00b7laboradors i beneficiaris, com a veritables i principals activistes de la missi\u00f3 de la FUNDACI\u00d3 XAFER.<\/p>\n","protected":false},"excerpt":{"rendered":"A) QUAN La FUNDACI\u00d3 XAFER es fa viva mitjan\u00e7ant la seva pres\u00e8ncia i el compliment de la seva missi\u00f3 en tot moment i especialment en els espais, estats, estadis i per\u00edodes m\u00e9s necessitats, per veure complertes les diferents accions i programes que en les seves quatre dimensions desenvolupa la Instituci\u00f3. B) ON La FUNDACI\u00d3 XAFER&#8230;","protected":false},"author":1,"featured_media":0,"parent":0,"menu_order":0,"comment_status":"closed","ping_status":"closed","template":"","meta":[],"_links":{"self":[{"href":"https:\/\/www.fundacionxafer.org\/ca\/wp-json\/wp\/v2\/pages\/196"}],"collection":[{"href":"https:\/\/www.fundacionxafer.org\/ca\/wp-json\/wp\/v2\/pages"}],"about":[{"href":"https:\/\/www.fundacionxafer.org\/ca\/wp-json\/wp\/v2\/types\/page"}],"author":[{"embeddable":true,"href":"https:\/\/www.fundacionxafer.org\/ca\/wp-json\/wp\/v2\/users\/1"}],"replies":[{"embeddable":true,"href":"https:\/\/www.fundacionxafer.org\/ca\/wp-json\/wp\/v2\/comments?post=196"}],"version-history":[{"count":1,"href":"https:\/\/www.fundacionxafer.org\/ca\/wp-json\/wp\/v2\/pages\/196\/revisions"}],"predecessor-version":[{"id":197,"href":"https:\/\/www.fundacionxafer.org\/ca\/wp-json\/wp\/v2\/pages\/196\/revisions\/197"}],"wp:attachment":[{"href":"https:\/\/www.fundacionxafer.org\/ca\/wp-json\/wp\/v2\/media?parent=196"}],"curies":[{"name":"wp","href":"https:\/\/api.w.org\/{rel}","templated":true}]}}