{"id":194,"date":"2018-04-06T22:23:49","date_gmt":"2018-04-06T22:23:49","guid":{"rendered":"http:\/\/live-xafer.pantheonsite.io\/?page_id=194"},"modified":"2018-08-02T07:40:29","modified_gmt":"2018-08-02T07:40:29","slug":"dimension","status":"publish","type":"page","link":"https:\/\/www.fundacionxafer.org\/ca\/dimension\/","title":{"rendered":"Dimensi\u00f3"},"content":{"rendered":"<p>En atenci\u00f3 a la seva ra\u00f3 de ser i en compliment de la seva Missi\u00f3 la FUNDACI\u00d3 XAFER, sent el seu DIMENSI\u00d3 UNIVERSAL, es concreta en quatre dimensions. La dimensi\u00f3 ESPIRITUAL, la dimensi\u00f3 AFECTIVA, la dimensi\u00f3 SOCIAL i la dimensi\u00f3 INTEL\u00b7LECTUAL. En aquestes quatre dimensions enfoca la seva missi\u00f3 la Fundaci\u00f3.<\/p>\n<p>A) Dimensi\u00f3 ESPIRITUAL<\/p>\n<p>Transmetent i promovent la fe cristiana, l&#8217;Evangeli de Jes\u00fas i l&#8217;espiritualitat entre tots els \u00e9ssers humans i en tots els seus actes, programes i accions. Transmetent des d&#8217;una visi\u00f3 humanista un missatge dels seus principis d&#8217;amor, pau i solidaritat. Activant relacions humanitzadores entre tots els \u00e9ssers humans, entre tots els pobles, entre totes les cultures i races, entre totes les religions, amb un esperit tolerant, solidari, dialogant, comprom\u00e8s i d&#8217;entesa, en contra de tota conducta o forma violenta i en la constant recerca de la felicitat.<\/p>\n<p>B) Dimensi\u00f3 AFECTIVA<\/p>\n<p>Fomentant, transmetent i procurant amor, pau i solidaritat en quantitat m\u00e9s que suficient entre els \u00e9ssers humans. Despertant l&#8217;inter\u00e8s i el comprom\u00eds per la millora de les relacions socials, amistoses i familiars. Situant-nos amb empatia suficient per comprendre els altres \u00e9ssers humans. Respectant i protegint el nostre entorn, el nostre medi i els nostres recursos. Donant suport i acompanyant als nostres companys, amics, coneguts i familiars en tot moment i especialment en moments de malalties, necessitats, dificultats i adversitats.<\/p>\n<p>Promovent les relacions humanes, les trobades i les celebracions que ajudin, acompanyin i afavoreixin la felicitat, tant en estadis d&#8217;\u00e8xits com en moments d&#8217;adversitats o dificultats.<\/p>\n<p>Fent realitat &#8220;LA FAM\u00cdLIA&#8221; com veritable estructura b\u00e0sica de comunitat i de societat. Com veritable unitat inseparable de les relacions humanes prim\u00e0ries. Dialogant i trobant punts en com\u00fa amb el nostre adversari, com a membre de la nostra esp\u00e8cie i com a membre comprom\u00e8s amb la nostra esp\u00e8cie.<\/p>\n<p>C) Dimensi\u00f3 SOCIAL<\/p>\n<p>Afavorint i potenciant accions concretes i generalitzades encaminades a la millora de les relacions humanes que fomentin amor, pau i solidaritat entre els homes, entre les races i les cultures i entre les religions.<\/p>\n<p>Desenvolupant accions contra la fam i la desnutrici\u00f3, contra les malalties, contra l&#8217;analfabetisme i contra les guerres, contribuint en gran manera a la felicitat tant de l&#8217;individu com a \u00e9sser, com en la vida.<\/p>\n<p>D) Dimensi\u00f3 INTEL\u00b7LECTUAL<\/p>\n<p>Promovent, afavorint i realitzant accions concretes i generalitzades que fomentin, possibilitin i potenci\u00efn l&#8217;educaci\u00f3 i la formaci\u00f3, transmetent coneixements, t\u00e8cniques, destreses i habilitats que ajudin i facin l&#8217;\u00e9sser hum\u00e0 m\u00e9s feli\u00e7.<\/p>\n<p><img loading=\"lazy\" class=\"size-full wp-image-191 alignright\" src=\"http:\/\/live-xafer.pantheonsite.io\/wp-content\/uploads\/2018\/04\/mundo-unido.png\" alt=\"\" width=\"300\" height=\"300\" srcset=\"https:\/\/www.fundacionxafer.org\/wp-content\/uploads\/2018\/04\/mundo-unido.png 300w, https:\/\/www.fundacionxafer.org\/wp-content\/uploads\/2018\/04\/mundo-unido-150x150.png 150w\" sizes=\"(max-width: 300px) 100vw, 300px\" \/><\/p>\n<p>Incentivant i influenciant l&#8217;estudi, la investigaci\u00f3, l&#8217;an\u00e0lisi i l&#8217;avaluaci\u00f3. Dotant d&#8217;un alt nivell de compet\u00e8ncia i autoritat en tots els camps i mat\u00e8ries a tots els \u00e9ssers humans. Incitant positivament al comprom\u00eds i l&#8217;esfor\u00e7 per desenvolupar l&#8217;intel\u00b7lecte i la saviesa.<\/p>\n<p>Dotant de tots els recursos i instruments possibles a l&#8217;abast, per fer realitat la formaci\u00f3 i ensenyaments suficients perqu\u00e8 cada \u00e9sser hum\u00e0 tingui prou eines i oportunitats i pugui &#8220;ser feli\u00e7, viure feli\u00e7 i fer feli\u00e7&#8221;.<\/p>\n<p>En aquestes quatre DIMENSIONS la FUNDACI\u00d3 XAFER aconsegueix arribar, ajudar i acompanyar a tots els \u00e9ssers humans perqu\u00e8 siguin feli\u00e7os, visquin feli\u00e7os i facin feli\u00e7os als altres, i que facin el que estimin i estimin el que facin.<\/p>\n<p>&#8220;FES EL QUE AMES I AMA EL QUE FAS&#8221;<\/p>\n","protected":false},"excerpt":{"rendered":"En atenci\u00f3 a la seva ra\u00f3 de ser i en compliment de la seva Missi\u00f3 la FUNDACI\u00d3 XAFER, sent el seu DIMENSI\u00d3 UNIVERSAL, es concreta en quatre dimensions. La dimensi\u00f3 ESPIRITUAL, la dimensi\u00f3 AFECTIVA, la dimensi\u00f3 SOCIAL i la dimensi\u00f3 INTEL\u00b7LECTUAL. En aquestes quatre dimensions enfoca la seva missi\u00f3 la Fundaci\u00f3. A) Dimensi\u00f3 ESPIRITUAL Transmetent&#8230;","protected":false},"author":1,"featured_media":0,"parent":0,"menu_order":0,"comment_status":"closed","ping_status":"closed","template":"","meta":[],"_links":{"self":[{"href":"https:\/\/www.fundacionxafer.org\/ca\/wp-json\/wp\/v2\/pages\/194"}],"collection":[{"href":"https:\/\/www.fundacionxafer.org\/ca\/wp-json\/wp\/v2\/pages"}],"about":[{"href":"https:\/\/www.fundacionxafer.org\/ca\/wp-json\/wp\/v2\/types\/page"}],"author":[{"embeddable":true,"href":"https:\/\/www.fundacionxafer.org\/ca\/wp-json\/wp\/v2\/users\/1"}],"replies":[{"embeddable":true,"href":"https:\/\/www.fundacionxafer.org\/ca\/wp-json\/wp\/v2\/comments?post=194"}],"version-history":[{"count":3,"href":"https:\/\/www.fundacionxafer.org\/ca\/wp-json\/wp\/v2\/pages\/194\/revisions"}],"predecessor-version":[{"id":628,"href":"https:\/\/www.fundacionxafer.org\/ca\/wp-json\/wp\/v2\/pages\/194\/revisions\/628"}],"wp:attachment":[{"href":"https:\/\/www.fundacionxafer.org\/ca\/wp-json\/wp\/v2\/media?parent=194"}],"curies":[{"name":"wp","href":"https:\/\/api.w.org\/{rel}","templated":true}]}}