{"id":157,"date":"2018-04-06T21:55:05","date_gmt":"2018-04-06T21:55:05","guid":{"rendered":"http:\/\/live-xafer.pantheonsite.io\/?page_id=157"},"modified":"2018-04-06T21:55:05","modified_gmt":"2018-04-06T21:55:05","slug":"objectius","status":"publish","type":"page","link":"https:\/\/www.fundacionxafer.org\/ca\/objectius\/","title":{"rendered":"Objectius"},"content":{"rendered":"<p>La FUNDACI\u00d3 XAFER, basant-se en els seus fonaments i en la seva ra\u00f3 de ser, fixada en la seva visi\u00f3 i en el compliment de la seva missi\u00f3, regulada pels principis i valors indestructibles, t\u00e9 com a principal OBJECTIU::<\/p>\n<p>\u201c&#8221;Educar, ensenyar i formar l&#8217;\u00e9sser hum\u00e0 que ho necessiti o que aix\u00ed ho desitgi, per ser feli\u00e7, per viure feli\u00e7 i per fer feli\u00e7os els altres. Vivenciant els seus valors i regulats pels seus principis fonamentals d&#8217;Amor, Pau i Solidaritat.<\/p>\n<p>El compliment d&#8217;aquests objectius est\u00e0 materialitzat en una dimensi\u00f3 espiritual, afectiva, social i intel\u00b7lectual, dins d&#8217;un \u00e0mbit d&#8217;actuaci\u00f3 i influ\u00e8ncia i en el marc principal de l&#8217;estadi, espai i moment de la formaci\u00f3 i l&#8217;ensenyament com a veritables fils conductors per a complir als objectius que, segons cada circumst\u00e0ncia, el govern de la FUNDACI\u00d3 XAFER va plantejant com a objectius secundaris que atendre.<\/p>\n<p>Els objectius de la FUNDACI\u00d3 XAFER van adre\u00e7ats, sobretot, a persones desafavorides social o econ\u00f2micament, i en especial entre aquestes a les persones que senten la necessitat de ser i viure m\u00e9s feli\u00e7os.<\/p>\n<p>La FUNDACI\u00d3 XAFER intenta ser una ajuda efica\u00e7 i donar resposta a les diverses accions educatives i formatives, donant alternatives, buscant solucions, promovent actes, esdeveniments i programes que coincideixin i ajudin amb el compliment de la seva Missi\u00f3, aix\u00ed com del seu principal objectiu.<\/p>\n<p>Tamb\u00e9 t\u00e9 altres objectius i finalitats, com promoure l&#8217;assist\u00e8ncia social, la realitzaci\u00f3 i foment d&#8217;accions i programes que satisfacin les necessitats intel\u00b7lectuals, culturals, educatives, f\u00edsiques &#8230; i la formaci\u00f3 de les persones perqu\u00e8 rebin la suficient capacitat i ajuda i aconsegueixin ser i viure feli\u00e7os.<\/p>\n<p>Els objectius de la FUNDACI\u00d3 XAFER van dirigits a totes les persones amb independ\u00e8ncia de la seva edat, sexe, cultura, ra\u00e7a, \u00e8tnia, ideologia o religi\u00f3.<\/p>\n<p>Altres finalitats se centren a crear, gestionar, mantenir o auxiliar a centres docents, educatius, formatius, acad\u00e8mics, culturals, de conviv\u00e8ncia, assistencials, socials o esportius com a espais necessaris i b\u00e0sics per a poder complir amb el desenvolupament de les seves activitats i objectius previstos. A m\u00e9s, ser instrument i recurs per a poder oferir la necess\u00e0ria i fonamental continu\u00eftat a aquest tipus i model de centres que fins avui han existit i en especial per tal de poder utilitzar-los per al compliment de la seva missi\u00f3.<\/p>\n","protected":false},"excerpt":{"rendered":"La FUNDACI\u00d3 XAFER, basant-se en els seus fonaments i en la seva ra\u00f3 de ser, fixada en la seva visi\u00f3 i en el compliment de la seva missi\u00f3, regulada pels principis i valors indestructibles, t\u00e9 com a principal OBJECTIU:: \u201c&#8221;Educar, ensenyar i formar l&#8217;\u00e9sser hum\u00e0 que ho necessiti o que aix\u00ed ho desitgi, per ser&#8230;","protected":false},"author":1,"featured_media":0,"parent":0,"menu_order":0,"comment_status":"closed","ping_status":"closed","template":"","meta":[],"_links":{"self":[{"href":"https:\/\/www.fundacionxafer.org\/ca\/wp-json\/wp\/v2\/pages\/157"}],"collection":[{"href":"https:\/\/www.fundacionxafer.org\/ca\/wp-json\/wp\/v2\/pages"}],"about":[{"href":"https:\/\/www.fundacionxafer.org\/ca\/wp-json\/wp\/v2\/types\/page"}],"author":[{"embeddable":true,"href":"https:\/\/www.fundacionxafer.org\/ca\/wp-json\/wp\/v2\/users\/1"}],"replies":[{"embeddable":true,"href":"https:\/\/www.fundacionxafer.org\/ca\/wp-json\/wp\/v2\/comments?post=157"}],"version-history":[{"count":1,"href":"https:\/\/www.fundacionxafer.org\/ca\/wp-json\/wp\/v2\/pages\/157\/revisions"}],"predecessor-version":[{"id":158,"href":"https:\/\/www.fundacionxafer.org\/ca\/wp-json\/wp\/v2\/pages\/157\/revisions\/158"}],"wp:attachment":[{"href":"https:\/\/www.fundacionxafer.org\/ca\/wp-json\/wp\/v2\/media?parent=157"}],"curies":[{"name":"wp","href":"https:\/\/api.w.org\/{rel}","templated":true}]}}