{"id":145,"date":"2018-04-06T21:40:45","date_gmt":"2018-04-06T21:40:45","guid":{"rendered":"http:\/\/live-xafer.pantheonsite.io\/?page_id=145"},"modified":"2018-08-02T07:23:35","modified_gmt":"2018-08-02T07:23:35","slug":"agradeciments","status":"publish","type":"page","link":"https:\/\/www.fundacionxafer.org\/ca\/agradeciments\/","title":{"rendered":"Agra\u00efments"},"content":{"rendered":"<p>Dono les gr\u00e0cies a D\u00e9u per donar-me l&#8217;oportunitat de ser i estar, per donar-me la vida, per donar-me salut, amor i amistat m\u00e9s que suficients. Dono gr\u00e0cies a D\u00e9u per donar-me el perd\u00f3 i la llibertat, per donar-me llar i aliments de manera sobrada. Dono gr\u00e0cies a D\u00e9u per donar-me la il\u00b7luminaci\u00f3 necess\u00e0ria, per donar-me idees, per donar-me il\u00b7lusions, per tenir desitjos i poder fer-los realitat, per ajudar-me en les decisions i poder decidir, per ajudar-me en les accions i poder actuar. Per tot dono gr\u00e0cies a D\u00e9u.<\/p>\n<p>Dono gr\u00e0cies a la meva dona i als meus fills per donar-me el seu amor, per donar-me la seva comprensi\u00f3 i per mantenir vives les meves esperances posades en ells. Els dono gr\u00e0cies per estar al meu costat i ajudar-me en les adversitats, per compartir la felicitat, per donar-me l&#8217;al\u00e8 necessari i per animar-me sempre. Tamb\u00e9 els dono les gr\u00e0cies.<img loading=\"lazy\" class=\"size-medium wp-image-146 alignright\" src=\"http:\/\/live-xafer.pantheonsite.io\/wp-content\/uploads\/2018\/04\/NM-300x231.png\" alt=\"\" width=\"300\" height=\"231\" srcset=\"https:\/\/www.fundacionxafer.org\/wp-content\/uploads\/2018\/04\/NM-300x231.png 300w, https:\/\/www.fundacionxafer.org\/wp-content\/uploads\/2018\/04\/NM.png 400w\" sizes=\"(max-width: 300px) 100vw, 300px\" \/><\/p>\n<p>Dono gr\u00e0cies als meus amics per ser-hi quan els he necessitat, per donar-me l&#8217;est\u00edmul suficient, per la seva entrega incondicional, per la seva fidelitat, a ells els dono les gr\u00e0cies.<\/p>\n<p>Dono les gr\u00e0cies als meus mestres, a tots els que m&#8217;han educat, ensenyat i format al llarg de la meva vida. Gr\u00e0cies pels seus ensenyaments, per transmitirme seus coneixements, per ajudar-me en els meus errors i per donar-me esperances, gr\u00e0cies per ser els meus mestres.<\/p>\n<p>Dono gr\u00e0cies a tots els \u00e9ssers humans per ser la font de la meva inspiraci\u00f3, per ser font de motivaci\u00f3 constant i inesgotable, per ser la meva ra\u00f3 de ser i per donar-me tantes oportunitats, gr\u00e0cies.<\/p>\n<p>Dono les gr\u00e0cies a la Fundaci\u00f3 XAFER per ajudar-me i acompanyar-me a ser feli\u00e7, a viure feli\u00e7 i a fer feli\u00e7os els altres, i agraeixo que aquesta instituci\u00f3 sigui un cam\u00ed, un recurs, un instrument, un suport per a tots els homes. Tamb\u00e9 dono les gr\u00e0cies perqu\u00e8 els seus membres, els seus recursos i els seus mitjans fan possible les diferents realitats i atenen les diferents necessitats de tots els \u00e9ssers humans i, especialment, dels m\u00e9s desfavorits.<\/p>\n<p>Dono gr\u00e0cies a tots els que han fet, fan i faran possible la present realitat. Als col\u00b7laboradors, als professionals, als voluntaris, als beneficiaris, gr\u00e0cies per la seva passi\u00f3, per la seva il\u00b7lusi\u00f3, per la seva perseveran\u00e7a, per la seva const\u00e0ncia, per la seva paci\u00e8ncia, per la seva aportaci\u00f3 i per la seva col\u00b7laboraci\u00f3. Gr\u00e0cies a tots ells.<\/p>\n<p>A tots els \u00e9ssers humans, el meu major i m\u00e9s profund agra\u00efment per caminar per la senda del b\u00e9 i especialment gr\u00e0cies per &#8230;<\/p>\n","protected":false},"excerpt":{"rendered":"Dono les gr\u00e0cies a D\u00e9u per donar-me l&#8217;oportunitat de ser i estar, per donar-me la vida, per donar-me salut, amor i amistat m\u00e9s que suficients. Dono gr\u00e0cies a D\u00e9u per donar-me el perd\u00f3 i la llibertat, per donar-me llar i aliments de manera sobrada. Dono gr\u00e0cies a D\u00e9u per donar-me la il\u00b7luminaci\u00f3 necess\u00e0ria, per donar-me&#8230;","protected":false},"author":1,"featured_media":0,"parent":0,"menu_order":0,"comment_status":"closed","ping_status":"closed","template":"","meta":[],"_links":{"self":[{"href":"https:\/\/www.fundacionxafer.org\/ca\/wp-json\/wp\/v2\/pages\/145"}],"collection":[{"href":"https:\/\/www.fundacionxafer.org\/ca\/wp-json\/wp\/v2\/pages"}],"about":[{"href":"https:\/\/www.fundacionxafer.org\/ca\/wp-json\/wp\/v2\/types\/page"}],"author":[{"embeddable":true,"href":"https:\/\/www.fundacionxafer.org\/ca\/wp-json\/wp\/v2\/users\/1"}],"replies":[{"embeddable":true,"href":"https:\/\/www.fundacionxafer.org\/ca\/wp-json\/wp\/v2\/comments?post=145"}],"version-history":[{"count":3,"href":"https:\/\/www.fundacionxafer.org\/ca\/wp-json\/wp\/v2\/pages\/145\/revisions"}],"predecessor-version":[{"id":625,"href":"https:\/\/www.fundacionxafer.org\/ca\/wp-json\/wp\/v2\/pages\/145\/revisions\/625"}],"wp:attachment":[{"href":"https:\/\/www.fundacionxafer.org\/ca\/wp-json\/wp\/v2\/media?parent=145"}],"curies":[{"name":"wp","href":"https:\/\/api.w.org\/{rel}","templated":true}]}}