{"id":143,"date":"2018-04-06T21:39:23","date_gmt":"2018-04-06T21:39:23","guid":{"rendered":"http:\/\/live-xafer.pantheonsite.io\/?page_id=143"},"modified":"2018-04-06T22:07:33","modified_gmt":"2018-04-06T22:07:33","slug":"presentacio","status":"publish","type":"page","link":"https:\/\/www.fundacionxafer.org\/ca\/presentacio\/","title":{"rendered":"Presentaci\u00f3"},"content":{"rendered":"<p>Fa algun temps vaig tenir l&#8217;oportunitat d&#8217;observar, estudiar i analitzar l&#8217;\u00e9sser hum\u00e0. De fet, avui encara ho faig i veig que les persones es mouen principalment a la recerca de la satisfacci\u00f3. Entenent la satisfacci\u00f3 dins d&#8217;un l\u00f2gic i sa egoisme hum\u00e0. Aprofundint al voltant d&#8217;aquesta satisfacci\u00f3, l&#8217;entenc m\u00e9s com un estat i un estadi ambd\u00f3s continus, \u00e9s a dir, una suma infinita de satisfaccions encadenades. A aquesta suma d&#8217;estats i estadis de satisfacci\u00f3 i de viv\u00e8ncies satisfact\u00f2ries jo les defineixo FELICITAT.<\/p>\n<p>Estic plenament conven\u00e7ut que l&#8217;\u00e9sser hum\u00e0 \u00e9s concebut i neix per ser, estar i viure feli\u00e7. I perqu\u00e8 la nostra esp\u00e8cie sigui, estigui i visqui feli\u00e7, ha de donar felicitat, ha de fer feli\u00e7os els altres \u00e9ssers humans i d&#8217;aquesta manera t\u00e9 una oportunitat de garantir la felicitat eterna.<\/p>\n<p>La meva pr\u00f2pia hist\u00f2ria i algunes de les meves experi\u00e8ncies em constaten que la felicitat ve despr\u00e9s d&#8217;unes oportunitats i unes possibilitats. Em mantinc en la meva afirmaci\u00f3 que naixem per ser i viure feli\u00e7os, si b\u00e9<\/p>\n<p>crec que no naixem feli\u00e7os i nom\u00e9s quan es donen algunes d&#8217;aquestes possibilitats i oportunitats \u00e9s quan podem aconseguir la felicitat.<\/p>\n<p>Aquestes possibilitats i oportunitats es concreten en el fet i en la possibilitat d&#8217;aprendre a ser feli\u00e7, de ser ensenyat a ser i viure feli\u00e7, de ser ensenyat per fer feli\u00e7os els altres. La felicitat arriba despr\u00e9s d&#8217;un proc\u00e9s d&#8217;aprenentatge, despr\u00e9s de rebre uns coneixements, una dotaci\u00f3 d&#8217;habilitats i destreses que possibiliten l&#8217;\u00e9sser hum\u00e0 de la suficient capacitaci\u00f3 i formaci\u00f3 en diferents camps i mat\u00e8ries que l&#8217;ajuden a que pugui ser i viure feli\u00e7.<\/p>\n<p>La felicitat no arriba per casualitat, la felicitat pot trobar-se, i de fet s&#8217;aconsegueix, despr\u00e9s d&#8217;haver estat ensenyat, despr\u00e9s d&#8217;haver rebut prou coneixements que ens facin desenvolupar el nostre intel\u00b7lecte i la nostra saviesa prou de tal manera que ens ajudin a ser i viure feli\u00e7os.<\/p>\n<p>Alguns hem nascut amb la sort d&#8217;haver tingut la possibilitat i l&#8217;oportunitat de ser ensenyats, de poder aprendre, perqu\u00e8 tenim fam\u00edlia, tenim llar, tenim aliments, tenim salut, tenim llibertat, tenim pau i tenim mestres. Per\u00f2 cal recordar que hi ha milions d&#8217;\u00e9ssers humans que no han tingut ni tenen la possibilitat ni l&#8217;oportunitat de ser i viure feli\u00e7os. Perqu\u00e8 han tingut o tenen la desgr\u00e0cia d&#8217;estar o haver estat en el lloc i en el moment equivocats.<\/p>\n<p>Hi ha milions d&#8217;\u00e9ssers humans que no tenen fam\u00edlia, llar, aliments, salut, llibertat, pau i mestres que els ajudin a tenir una m\u00ednima i \u00ednfima oportunitat de ser i viure feli\u00e7os, de ser ensenyats per poder ser i viure feli\u00e7os. \u00c9s summament important trepitjar amb els peus a terra, visionar i reflexionar sobre la quantitat, per desgr\u00e0cia, d&#8217;\u00e9ssers humans, que sense voler-ho ni buscar-ho, no tenen<\/p>\n<p>la m\u00ednima oportunidad de ser y vivir felices y, sorprendentemente, s\u00ed son capaces de hacer felices a los dem\u00e1s, a veces sin darnos cuenta.<\/p>\n<p>La meva reflexi\u00f3 em porta a la realitat de confirmar que tenint la possibilitat de poder rebre un ensenyament i educaci\u00f3 suficients i adequades, hi ha una oportunitat de ser i viure feli\u00e7os, i m\u00e9s que, si aquesta possibilitat est\u00e0 refor\u00e7ada per una fam\u00edlia, una llar, una habitatge, uns aliments, suficient salut, llibertat, pau i mestres, les possibilitats de ser i viure feli\u00e7os augmenten considerablement.<\/p>\n<p>Continuant amb aquesta reflexi\u00f3, considero que el que t\u00e9 pot i ha de donar, quant m\u00e9s si parlem de coneixements, ja que el que els t\u00e9, ha de transmetre&#8217;ls, per dotar de prou eines i coneixements als altres \u00e9ssers humans, perqu\u00e8 tinguin alguna oportunitat d&#8217;aprendre i de rebre l&#8217;aprenentatge necessari per aconseguir una llar, uns aliments, salut suficient &#8230; que els ajudin a ser i viure feli\u00e7os.<\/p>\n<p>Continuant amb aquesta reflexi\u00f3, considero que el que t\u00e9 pot i ha de donar, quant m\u00e9s si parlem de coneixements, ja que el que els t\u00e9, ha de transmetre&#8217;ls, per dotar de prou eines i coneixements als altres \u00e9ssers humans, perqu\u00e8 tinguin alguna oportunitat d&#8217;aprendre i de rebre l&#8217;aprenentatge necessari per aconseguir una llar, uns aliments, salut suficient &#8230; que els ajudin a ser i viure feli\u00e7os.<\/p>\n<p>Tinc l&#8217;oportunitat que D\u00e9u em brinda, aix\u00ed com l&#8217;\u00e0nim de la meva fam\u00edlia i la col\u00b7laboraci\u00f3 i participaci\u00f3 d&#8217;amics i col\u00b7legues professionals, per materialitzar l&#8217;acci\u00f3 que em proposo. Aquesta acci\u00f3 \u00e9s una m\u00ednima contribuci\u00f3 per fer realitat aquesta m\u00e0xima i gran veritat, que no \u00e9s altra que la d&#8217;ajudar i acompanyar qualsevol \u00e9sser hum\u00e0 en el seu trajecte perqu\u00e8 sigui i visqui feli\u00e7, i que al seu torn aquest \u00e9sser hum\u00e0 acompanyi i ajudi a un altre \u00e9sser hum\u00e0 perqu\u00e8 sigui i visqui feli\u00e7, i aix\u00ed infinitament tota l&#8217;esp\u00e8cie humana.<\/p>\n<p>Aquesta oportunitat la va portar a l&#8217;acci\u00f3 i es fa realitat i present per mitj\u00e0 de la creaci\u00f3 i de la constituci\u00f3 de la FUNDACI\u00d3 XAFER, que neix amb la missi\u00f3 concreta d&#8217;ajudar i acompanyar en la tasca necess\u00e0ria perqu\u00e8 tot home que ho necessiti i que ho desitgi pugui ser feli\u00e7 i pugui viure feli\u00e7.<img loading=\"lazy\" class=\"size-medium wp-image-140 alignright\" src=\"http:\/\/live-xafer.pantheonsite.io\/wp-content\/uploads\/2018\/04\/012-300x250.jpg\" alt=\"\" width=\"300\" height=\"250\" srcset=\"https:\/\/www.fundacionxafer.org\/wp-content\/uploads\/2018\/04\/012-300x250.jpg 300w, https:\/\/www.fundacionxafer.org\/wp-content\/uploads\/2018\/04\/012.jpg 400w\" sizes=\"(max-width: 300px) 100vw, 300px\" \/><\/p>\n<p>Els projectes, accions i activitats de la FUNDACI\u00d3 XAFER van dirigits a totes aquelles persones que senten el desig o la necessitat de rebre un ensenyament i uns coneixements que els ajudin a ser feli\u00e7os i viure feli\u00e7os, des d&#8217;una fe cristiana i una acci\u00f3 evangelitzadora.<\/p>\n<p>Els col\u00b7laboradors de la FUNDACI\u00d3 XAFER s\u00f3n aquells que senten el desig o la necessitat de participar ajudant i acompanyant els primers. Col\u00b7laborant en l&#8217;educaci\u00f3, en l&#8217;ensenyament i en la formaci\u00f3 d&#8217;\u00e9ssers humans que conformen una societat d&#8217;homes i dones feli\u00e7os.<\/p>\n<p>La FUNDACI\u00d3 XAFER des de la fe cristiana i guiada per l&#8217;Evangeli de Jes\u00fas, vol ser un instrument, una ajuda efica\u00e7 i donar resposta davant les diverses necessitats educatives i assistencials, donant alternatives, trobant solucions i oferint els seus recursos per ajudar i acompanyar a l&#8217;home per que sigui i visqui feli\u00e7.<\/p>\n<p>Les prestacions de la FUNDACI\u00d3 XAFER s&#8217;adrecen, sobretot, a persones amb necessitats; especialment a persones desafavorides econ\u00f2mica o socialment mitjan\u00e7ant accions, programes, ajudes, serveis i activitats que ajudin al compliment de la seva missi\u00f3.<\/p>\n<p>I crec que &#8230;<\/p>\n<p>&#8220;La societat t\u00e9 el deure de garantir i fomentar l&#8217;educaci\u00f3 i formaci\u00f3 suficient com a resposta als drets de les persones i com a deure d&#8217;ajudar tot home a ser i viure feli\u00e7.&#8221;<\/p>\n<p>&#8220;La humanitat ha de trobar els mitjans necessaris per garantir una continu\u00eftat feli\u00e7. Aquests mitjans neixen a partir de l&#8217;educaci\u00f3. &#8220;<img loading=\"lazy\" class=\"alignright wp-image-141 size-full\" src=\"http:\/\/live-xafer.pantheonsite.io\/wp-content\/uploads\/2018\/04\/004.jpg\" alt=\"\" width=\"111\" height=\"150\" \/><\/p>\n<p>&#8220;Tots els \u00e9ssers humans tenen dret a una educaci\u00f3 adequada, en igualtat d&#8217;oportunitats, a tots els nivells i segons la capacitat de cada persona.&#8221;<\/p>\n<p>&#8220;L&#8217;educaci\u00f3 ha de ser la transmissi\u00f3 de valors, l&#8217;ensenyament ha de ser la transmissi\u00f3 de coneixements, la formaci\u00f3 ha de ser la transmissi\u00f3 de t\u00e8cniques i destreses. Mitjan\u00e7ant l&#8217;educaci\u00f3, l&#8217;ensenyament, i la formaci\u00f3 es fa possible la vida en societat, es fa possible una sociedadrica en valors, rica en grandesa, rica en prosperitat, i es garanteix per a tots els temps un bon model social en qu\u00e8 l&#8217;home \u00e9s feli\u00e7, viu feli\u00e7 i fa feli\u00e7os els altres. &#8221;<\/p>\n<p>I &#8230;<\/p>\n<p>&#8220;Desitjo que el compliment de la missi\u00f3 de la FUNDACI\u00d3 XAFER es faci des de l&#8217;honradesa, la senzillesa, la quotidianitat i l&#8217;anonimat. I als que fan possible convertir el meu desig en realitat els estic eternament agra\u00eft.<\/p>\n","protected":false},"excerpt":{"rendered":"Fa algun temps vaig tenir l&#8217;oportunitat d&#8217;observar, estudiar i analitzar l&#8217;\u00e9sser hum\u00e0. De fet, avui encara ho faig i veig que les persones es mouen principalment a la recerca de la satisfacci\u00f3. Entenent la satisfacci\u00f3 dins d&#8217;un l\u00f2gic i sa egoisme hum\u00e0. Aprofundint al voltant d&#8217;aquesta satisfacci\u00f3, l&#8217;entenc m\u00e9s com un estat i un estadi&#8230;","protected":false},"author":1,"featured_media":0,"parent":0,"menu_order":0,"comment_status":"closed","ping_status":"closed","template":"","meta":[],"_links":{"self":[{"href":"https:\/\/www.fundacionxafer.org\/ca\/wp-json\/wp\/v2\/pages\/143"}],"collection":[{"href":"https:\/\/www.fundacionxafer.org\/ca\/wp-json\/wp\/v2\/pages"}],"about":[{"href":"https:\/\/www.fundacionxafer.org\/ca\/wp-json\/wp\/v2\/types\/page"}],"author":[{"embeddable":true,"href":"https:\/\/www.fundacionxafer.org\/ca\/wp-json\/wp\/v2\/users\/1"}],"replies":[{"embeddable":true,"href":"https:\/\/www.fundacionxafer.org\/ca\/wp-json\/wp\/v2\/comments?post=143"}],"version-history":[{"count":3,"href":"https:\/\/www.fundacionxafer.org\/ca\/wp-json\/wp\/v2\/pages\/143\/revisions"}],"predecessor-version":[{"id":174,"href":"https:\/\/www.fundacionxafer.org\/ca\/wp-json\/wp\/v2\/pages\/143\/revisions\/174"}],"wp:attachment":[{"href":"https:\/\/www.fundacionxafer.org\/ca\/wp-json\/wp\/v2\/media?parent=143"}],"curies":[{"name":"wp","href":"https:\/\/api.w.org\/{rel}","templated":true}]}}