{"id":120,"date":"2018-04-06T21:20:42","date_gmt":"2018-04-06T21:20:42","guid":{"rendered":"http:\/\/live-xafer.pantheonsite.io\/?page_id=120"},"modified":"2018-04-06T21:20:42","modified_gmt":"2018-04-06T21:20:42","slug":"rao-de-ser","status":"publish","type":"page","link":"https:\/\/www.fundacionxafer.org\/ca\/rao-de-ser\/","title":{"rendered":"Ra\u00f3 de Ser"},"content":{"rendered":"<p>En resposta a la nostra ra\u00f3 de ser, que no \u00e9s altra que la de &#8220;ser feli\u00e7, viure feli\u00e7 i fer feli\u00e7&#8221;, vam gaudir cada moment de la nostra vida amb l&#8217;oportunitat que tenim de ser feli\u00e7os i gaudim cada instant de les nostres vides trobant la manera de ser feli\u00e7os, decidint ser feli\u00e7os, pensant i vivint per ser feli\u00e7os.<\/p>\n<p>Fem i veiem complir la suma dels nostres objectius com una Missi\u00f3, la nostra MISSI\u00d3, la Missi\u00f3 d&#8217;aquesta FUNDACI\u00d3 XAFER. Comprometent-nos amb la nostra ra\u00f3 de ser, comprometent-nos amb nosaltres mateixos i amb els altres, comprometent-nos a fer complir i a atendre la nostra Missi\u00f3, comprometent-nos a ser feli\u00e7os, a viure feli\u00e7os i a fer feli\u00e7os els altres.<\/p>\n<p>Ens ocupem en trobar les respostes a les preguntes sobre felicitat, ens ocupem en trobar solucions als dubtes i a les inquietuds que donen resposta a la felicitat. I especialment ens ocupem en trobar la felicitat, la felicitat interior de cada un, de cada \u00e9sser i la felicitat exterior de tots els \u00e9ssers humans. I gaudim d&#8217;aquesta felicitat interior amb un mateix, i gaudim de la felicitat exterior compartint-la entre tots els \u00e9ssers humans<\/p>\n<p>Sentim i fem de la felicitat una constant en les nostres vides, perqu\u00e8 naixem per ser i viure feli\u00e7os, i vivim de manera feli\u00e7 i en felicitat totes i cadascuna de les nostres experi\u00e8ncies quotidianes i extraordin\u00e0ries, dels nostres \u00e8xits i de les nostres adversitats, i vam trobar la manera de ser i viure feli\u00e7os i de fer feli\u00e7os els altres.\/p&gt;<\/p>\n<p>Cada un de nosaltres \u00e9s feli\u00e7 i ser\u00e0 feli\u00e7, viu feli\u00e7 i viur\u00e0 feli\u00e7 i fa feli\u00e7 i far\u00e0 feli\u00e7 als altres, donant ple i total compliment a la nostra ra\u00f3 de ser. I en agra\u00efment a tota aquesta felicitat trobarem la manera de deixar com el nostre llegat als que vindran, una vida m\u00e9s feli\u00e7, una felicitat eterna.<\/p>\n<p>Ara ets convocat a ser feli\u00e7, viure feli\u00e7 i perqu\u00e8 facis feli\u00e7os els altres \u00e9ssers humans. Est\u00e0s convocat a comprometre&#8217;t a ser feli\u00e7, a viure feli\u00e7 i a fer feli\u00e7os els altres. Des d&#8217;aquest prec\u00eds instant i per a l&#8217;eternitat has de ser feli\u00e7, has de viure feli\u00e7 i has de fer feli\u00e7os els altres, i d&#8217;aquesta manera obtindr\u00e0s la major satisfacci\u00f3, el major benefici que mai hagis pogut imaginar, perqu\u00e8, sent feli\u00e7, vivint feli\u00e7 i fent feli\u00e7os els altres ets el m\u00e9s agraciat de tots els \u00e9ssers humans.<\/p>\n<blockquote><p>&#8220;Qui \u00e9s feli\u00e7 i viu feli\u00e7 en la seva vida, aporta felicitat a la vida&#8221;<\/p><\/blockquote>\n","protected":false},"excerpt":{"rendered":"En resposta a la nostra ra\u00f3 de ser, que no \u00e9s altra que la de &#8220;ser feli\u00e7, viure feli\u00e7 i fer feli\u00e7&#8221;, vam gaudir cada moment de la nostra vida amb l&#8217;oportunitat que tenim de ser feli\u00e7os i gaudim cada instant de les nostres vides trobant la manera de ser feli\u00e7os, decidint ser feli\u00e7os, pensant&#8230;","protected":false},"author":1,"featured_media":0,"parent":0,"menu_order":0,"comment_status":"closed","ping_status":"closed","template":"","meta":[],"_links":{"self":[{"href":"https:\/\/www.fundacionxafer.org\/ca\/wp-json\/wp\/v2\/pages\/120"}],"collection":[{"href":"https:\/\/www.fundacionxafer.org\/ca\/wp-json\/wp\/v2\/pages"}],"about":[{"href":"https:\/\/www.fundacionxafer.org\/ca\/wp-json\/wp\/v2\/types\/page"}],"author":[{"embeddable":true,"href":"https:\/\/www.fundacionxafer.org\/ca\/wp-json\/wp\/v2\/users\/1"}],"replies":[{"embeddable":true,"href":"https:\/\/www.fundacionxafer.org\/ca\/wp-json\/wp\/v2\/comments?post=120"}],"version-history":[{"count":1,"href":"https:\/\/www.fundacionxafer.org\/ca\/wp-json\/wp\/v2\/pages\/120\/revisions"}],"predecessor-version":[{"id":121,"href":"https:\/\/www.fundacionxafer.org\/ca\/wp-json\/wp\/v2\/pages\/120\/revisions\/121"}],"wp:attachment":[{"href":"https:\/\/www.fundacionxafer.org\/ca\/wp-json\/wp\/v2\/media?parent=120"}],"curies":[{"name":"wp","href":"https:\/\/api.w.org\/{rel}","templated":true}]}}